{"id":1129,"date":"2014-08-29T14:01:53","date_gmt":"2014-08-29T14:01:53","guid":{"rendered":"https:\/\/agrinova-srl.net\/home\/"},"modified":"2018-03-05T14:41:43","modified_gmt":"2018-03-05T13:41:43","slug":"home","status":"publish","type":"page","link":"https:\/\/agrinova-srl.net\/es\/","title":{"rendered":"Home"},"content":{"rendered":"<p>[vc_row type=\u00bbfull_width_background\u00bb bg_color=\u00bb#f2f7f9&#8243; top_padding=\u00bb30&#8243; bottom_padding=\u00bb30&#8243;][vc_column][textbar title=\u00bb\u00bfNecesita contactarnos inmediatamente? \u00a1No pierdas el tiempo!\u00bb button_title=\u00bbHaga clic aqu\u00ed\u00bb button_link=\u00bb\/es\/contactanos\/\u00bb icon=\u00bbmoon-mail-4&#8243;][\/vc_column][\/vc_row][vc_row][vc_column width=\u00bb1\/3&#8243;][services_medium title=\u00bbSEGMENTOS DEL MERCATO\u00bb style=\u00bbstyle_2&#8243; icon=\u00bbsteadysets-icon-map\u00bb dynamic_content_link=\u00bb\/es\/segmentos-de-mercado\/\u00bb]AGRINOVA ofrece redes que se adaptan a diferentes situaciones ambientales o t\u00e9cnico-productivas, para horto-floricultura y aparcamientos.[\/services_medium][\/vc_column][vc_column width=\u00bb1\/3&#8243;][services_medium title=\u00bbMALLAS AGRINOVA\u00bb style=\u00bbstyle_2&#8243; icon=\u00bbmoon-chess\u00bb dynamic_content_link=\u00bb\/es\/mallas\/\u00bb]El granizo, la lluvia y las redes especiales de AGRINOVA son excelentes desde el punto de vista econ\u00f3mico, productivo y medioambiental.[\/services_medium][\/vc_column][vc_column width=\u00bb1\/3&#8243;][services_medium title=\u00bbLOS ACCESORIOS\u00bb style=\u00bbstyle_2&#8243; icon=\u00bbmoon-wrench\u00bb dynamic_content_link=\u00bb\/es\/accesorios\/\u00bb]AGRINOVA dispone de los mejores productos y tecnolog\u00edas disponibles para apoyar las redes antigranizo y de lluvia y sus estructuras de soporte.[\/services_medium][\/vc_column][\/vc_row][vc_row][vc_column][vc_custom_heading text=\u00bbAGRINOVA: garantizamos su cosecha desde 1958&#8243; font_container=\u00bbtag:h2|font_size:36px|text_align:center|color:%23444444|line_height:36px\u00bb google_fonts=\u00bbfont_family:Lato%3A100%2C100italic%2C300%2C300italic%2Cregular%2Citalic%2C700%2C700italic%2C900%2C900italic|font_style:300%20light%20regular%3A300%3Anormal\u00bb][separator width=\u00bb200px\u00bb height=\u00bb1px\u00bb position=\u00bbcenter\u00bb color=\u00bb#e1e1e1&#8243; margin_top=\u00bb10px\u00bb margin_bottom=\u00bb40px\u00bb][vc_row_inner][vc_column_inner width=\u00bb2\/3&#8243;][media slideshow=\u00bbposts\u00bb slideshow_post=\u00bb1&#8243; slideshow_page=\u00bb4&#8243; image=\u00bb834&#8243;][vc_column_text css=\u00bb.vc_custom_1517845751353{padding-bottom: 32px !important;}\u00bb]AGRINOVA trabaja con los agricultores desde 1958, d\u00e1ndoles la oportunidad de obtener buenas cosechas, m\u00e1s cantidad y productos de mejor calidad. Junto con usted, miramos hacia el futuro, pasando de las tecnolog\u00edas m\u00e1s modernas a la investigaci\u00f3n constante.<\/p>\n<p>Las continuas inversiones en las m\u00e1s modernas tecnolog\u00edas y la elecci\u00f3n de los mejores materiales disponibles en el mercado, han permitido a AGRINOVA ser hoy en d\u00eda una de las empresas m\u00e1s s\u00f3lidas y fiables del sector a nivel mundial.[\/vc_column_text][\/vc_column_inner][vc_column_inner width=\u00bb1\/3&#8243;][list icon=\u00bbmoon-checkmark-circle-2&#8243;][list_item style=\u00bbtitledesc\u00bb title=\u00bbRedes antigranizo\u00bb desc=\u00bbLas redes tambi\u00e9n tienen una larga vida \u00fatil y est\u00e1n sujetas a tormentas de granizo recurrentes u otros fallos medioambientales.\u00bb][list_item style=\u00bbtitledesc\u00bb title=\u00bbRedes Anti-lluvia\u00bb desc=\u00bbLas lonas impermeables est\u00e1n dise\u00f1adas para proteger el fruto, asegurando al mismo tiempo unas condiciones clim\u00e1ticas \u00f3ptimas para el crecimiento.\u00bb][list_item style=\u00bbtitledesc\u00bb title=\u00bbRedes de sombra \/ cortavientos\u00bb desc=\u00bbLa red filtra la cantidad \u00f3ptima de luz para la calidad de la cosecha y la acci\u00f3n del viento protege a los cultivos contra el estr\u00e9s atmosf\u00e9rico.\u00bb][list_item style=\u00bbtitledesc\u00bb title=\u00bbRedes Especiales\u00bb desc=\u00bbProtegen de diversos tipos de insectos, previniendo la propagaci\u00f3n de microorganismos v\u00edricos y otros pat\u00f3genos.\u00bb][\/list][\/vc_column_inner][\/vc_row_inner][\/vc_column][\/vc_row][vc_row][vc_column][vc_media_grid element_width=\u00bb2&#8243; grid_id=\u00bbvc_gid:1520257292136-0a6e0798-df41-8&#8243; include=\u00bb1095,1094,1093,1092,1091,1090,1088,1087,1086,1085,1084,1083,1081,1080,815,814,813,812&#8243;][\/vc_column][\/vc_row][vc_row type=\u00bbfull_width_background\u00bb bg_color=\u00bb#f2f7f9&#8243;][vc_column][separator width=\u00bb0px\u00bb height=\u00bb0px\u00bb position=\u00bbcenter\u00bb color=\u00bb#e1e1e1&#8243; margin_bottom=\u00bb20px\u00bb][block_title style=\u00bbcolumn_title\u00bb title=\u00bb\u00daltimas Noticias\u00bb][\/block_title][latest_blog carousel=\u00bbno\u00bb][\/vc_column][\/vc_row]<\/p>\n","protected":false},"excerpt":{"rendered":"<p>[vc_row type=\u00bbfull_width_background\u00bb bg_color=\u00bb#f2f7f9&#8243; top_padding=\u00bb30&#8243; bottom_padding=\u00bb30&#8243;][vc_column][textbar title=\u00bb\u00bfNecesita contactarnos inmediatamente? \u00a1No pierdas el tiempo!\u00bb button_title=\u00bbHaga clic aqu\u00ed\u00bb button_link=\u00bb\/es\/contactanos\/\u00bb icon=\u00bbmoon-mail-4&#8243;][\/vc_column][\/vc_row][vc_row][vc_column width=\u00bb1\/3&#8243;][services_medium title=\u00bbSEGMENTOS DEL MERCATO\u00bb style=\u00bbstyle_2&#8243; icon=\u00bbsteadysets-icon-map\u00bb dynamic_content_link=\u00bb\/es\/segmentos-de-mercado\/\u00bb]AGRINOVA ofrece redes que se adaptan a diferentes situaciones ambientales o t\u00e9cnico-productivas, para horto-floricultura y aparcamientos.[\/services_medium][\/vc_column][vc_column width=\u00bb1\/3&#8243;][services_medium title=\u00bbMALLAS AGRINOVA\u00bb style=\u00bbstyle_2&#8243; icon=\u00bbmoon-chess\u00bb dynamic_content_link=\u00bb\/es\/mallas\/\u00bb]El granizo, la lluvia y las redes especiales de AGRINOVA son [&hellip;]<\/p>\n","protected":false},"author":1,"featured_media":0,"parent":0,"menu_order":1,"comment_status":"closed","ping_status":"closed","template":"","meta":{"spay_email":"","footnotes":""},"class_list":["post-1129","page","type-page","status-publish","hentry"],"yoast_head":"<!-- This site is optimized with the Yoast SEO plugin v14.3 - https:\/\/yoast.com\/wordpress\/plugins\/seo\/ -->\n<title>Agrinova II srl | Mallas antigranizo, contra la lluvia y mallas especiales<\/title>\n<meta name=\"description\" content=\"Desde 1958 AGRINOVA trabaja con los agricultores, d\u00e1ndoles la oportunidad de obtener buenas cosechas, mayor cantidad y mejor calidad de los productos gracias a sus redes Anti-granizo, redes de lluvia, redes de sombra y cortavientos y redes especiales Anti-Anafidi.\" \/>\n<meta name=\"robots\" content=\"index, follow\" \/>\n<meta name=\"googlebot\" content=\"index, follow, max-snippet:-1, max-image-preview:large, max-video-preview:-1\" \/>\n<meta name=\"bingbot\" content=\"index, follow, max-snippet:-1, max-image-preview:large, max-video-preview:-1\" \/>\n<link rel=\"canonical\" href=\"https:\/\/agrinova-srl.net\/es\/\" \/>\n<meta property=\"og:locale\" content=\"es_ES\" \/>\n<meta property=\"og:type\" content=\"article\" \/>\n<meta property=\"og:title\" content=\"Agrinova II srl | Mallas antigranizo, contra la lluvia y mallas especiales\" \/>\n<meta property=\"og:description\" content=\"Desde 1958 AGRINOVA trabaja con los agricultores, d\u00e1ndoles la oportunidad de obtener buenas cosechas, mayor cantidad y mejor calidad de los productos gracias a sus redes Anti-granizo, redes de lluvia, redes de sombra y cortavientos y redes especiales Anti-Anafidi.\" \/>\n<meta property=\"og:url\" content=\"https:\/\/agrinova-srl.net\/es\/\" \/>\n<meta property=\"og:site_name\" content=\"AGRINOVA II\" \/>\n<meta property=\"article:modified_time\" content=\"2018-03-05T13:41:43+00:00\" \/>\n<meta name=\"twitter:card\" content=\"summary_large_image\" \/>\n<script type=\"application\/ld+json\" class=\"yoast-schema-graph\">{\"@context\":\"https:\/\/schema.org\",\"@graph\":[{\"@type\":\"Organization\",\"@id\":\"https:\/\/agrinova-srl.net\/es\/#organization\",\"name\":\"AGRINOVA II\",\"url\":\"https:\/\/agrinova-srl.net\/es\/\",\"sameAs\":[],\"logo\":{\"@type\":\"ImageObject\",\"@id\":\"https:\/\/agrinova-srl.net\/es\/#logo\",\"inLanguage\":\"es\",\"url\":\"https:\/\/agrinova-srl.net\/wp-content\/uploads\/2018\/01\/specular_logo_medicine2-1.png\",\"width\":296,\"height\":54,\"caption\":\"AGRINOVA II\"},\"image\":{\"@id\":\"https:\/\/agrinova-srl.net\/es\/#logo\"}},{\"@type\":\"WebSite\",\"@id\":\"https:\/\/agrinova-srl.net\/es\/#website\",\"url\":\"https:\/\/agrinova-srl.net\/es\/\",\"name\":\"AGRINOVA II\",\"description\":\"Garantiamo i vostri raccolti dal 1958\",\"publisher\":{\"@id\":\"https:\/\/agrinova-srl.net\/es\/#organization\"},\"potentialAction\":[{\"@type\":\"SearchAction\",\"target\":\"https:\/\/agrinova-srl.net\/es\/?s={search_term_string}\",\"query-input\":\"required name=search_term_string\"}],\"inLanguage\":\"es\"},{\"@type\":\"WebPage\",\"@id\":\"https:\/\/agrinova-srl.net\/es\/#webpage\",\"url\":\"https:\/\/agrinova-srl.net\/es\/\",\"name\":\"Agrinova II srl | Mallas antigranizo, contra la lluvia y mallas especiales\",\"isPartOf\":{\"@id\":\"https:\/\/agrinova-srl.net\/es\/#website\"},\"datePublished\":\"2014-08-29T14:01:53+00:00\",\"dateModified\":\"2018-03-05T13:41:43+00:00\",\"description\":\"Desde 1958 AGRINOVA trabaja con los agricultores, d\\u00e1ndoles la oportunidad de obtener buenas cosechas, mayor cantidad y mejor calidad de los productos gracias a sus redes Anti-granizo, redes de lluvia, redes de sombra y cortavientos y redes especiales Anti-Anafidi.\",\"inLanguage\":\"es\",\"potentialAction\":[{\"@type\":\"ReadAction\",\"target\":[\"https:\/\/agrinova-srl.net\/es\/\"]}]}]}<\/script>\n<!-- \/ Yoast SEO plugin. -->","jetpack_sharing_enabled":true,"jetpack_shortlink":"https:\/\/wp.me\/PaeNuC-id","_links":{"self":[{"href":"https:\/\/agrinova-srl.net\/es\/wp-json\/wp\/v2\/pages\/1129\/"}],"collection":[{"href":"https:\/\/agrinova-srl.net\/es\/wp-json\/wp\/v2\/pages\/"}],"about":[{"href":"https:\/\/agrinova-srl.net\/es\/wp-json\/wp\/v2\/types\/page\/"}],"author":[{"embeddable":true,"href":"https:\/\/agrinova-srl.net\/es\/wp-json\/wp\/v2\/users\/1\/"}],"replies":[{"embeddable":true,"href":"https:\/\/agrinova-srl.net\/es\/wp-json\/wp\/v2\/comments\/?post=1129"}],"version-history":[{"count":12,"href":"https:\/\/agrinova-srl.net\/es\/wp-json\/wp\/v2\/pages\/1129\/revisions\/"}],"predecessor-version":[{"id":1514,"href":"https:\/\/agrinova-srl.net\/es\/wp-json\/wp\/v2\/pages\/1129\/revisions\/1514\/"}],"wp:attachment":[{"href":"https:\/\/agrinova-srl.net\/es\/wp-json\/wp\/v2\/media\/?parent=1129"}],"curies":[{"name":"wp","href":"https:\/\/api.w.org\/{rel}","templated":true}]}}