{"id":1198,"date":"2014-08-30T12:57:58","date_gmt":"2014-08-30T12:57:58","guid":{"rendered":"https:\/\/agrinova-srl.net\/azienda\/"},"modified":"2018-03-05T14:08:05","modified_gmt":"2018-03-05T13:08:05","slug":"empresa","status":"publish","type":"page","link":"https:\/\/agrinova-srl.net\/es\/empresa\/","title":{"rendered":"Empresa"},"content":{"rendered":"<p>[vc_row][vc_column width=\u00bb2\/3&#8243;][block_title style=\u00bbcolumn_title\u00bb title=\u00bbAGRINOVA, desde 1958 le garantizamos sus cosechas\u00bb][\/block_title][vc_column_text]La empresa AGRINOVA naci\u00f3 en el a\u00f1o 1958 gracias al fundador Dr. AGR. Ferrario Pier Luigi quien por primero pens\u00f3 en utilizar los tejidos pl\u00e1sticos en el \u00e1mbito agr\u00edcola. Gracias a la colaboraci\u00f3n de eminentes investigadores, incluyendo el Premio Nobel en qu\u00edmica Prof. Natta, fueron dise\u00f1adas formulaciones especiales que permiten al nuestro producto tener una gran duracion.<\/p>\n<p>En los a\u00f1os 70 entra en la compania el hijo Stefano que gracias a su vision a largo plazo empieza a promover las mallas en el sector agricolo llevando AGRINOVA al otro lado del Atl\u00e1ntico.<\/p>\n<p>En los anos 80 y 90 con las importantes ventas de mallas en el hemisferio sur, AGRINOVA tuvo la capacidad de aumentar su producci\u00f3n y de esa manera tener malla constantemente todo el a\u00f1o, siempre lista para cualquier exigencia de su clientes.<\/p>\n<p>Actualmente la empresa est\u00e1 administrada por el nieto Pierluigi, que con grande placer y orgullo afirma el avance siempre positivo de la empresa, llegando a la tercera generaci\u00f3n, alcanzando a vender mas de 5.000 hectareas de mallas para uso agricola a clientes de todo el mundo y en mas de 40 pa\u00edses.[\/vc_column_text][\/vc_column][vc_column width=\u00bb1\/3&#8243; background_color_opacity=\u00bb\u00bb][vc_gallery type=\u00bbimage_grid\u00bb images=\u00bb1286&#8243; img_size=\u00bbfull\u00bb onclick=\u00bb\u00bb][\/vc_column][vc_column column_padding=\u00bb3%\u00bb][vc_masonry_media_grid element_width=\u00bb6&#8243; grid_id=\u00bbvc_gid:1520255251119-8e14bada-5e1c-7&#8243; include=\u00bb967,969&#8243;][\/vc_column][\/vc_row][vc_row][vc_column width=\u00bb1\/2&#8243; column_padding=\u00bb4%\u00bb background_color=\u00bbrgba(245,245,245,0.85)\u00bb background_image=\u00bb966&#8243;][block_title style=\u00bbcolumn_title\u00bb title=\u00bbRelacion con la clientela\u00bb][\/block_title][vc_column_text]AGRINOVA est\u00e1 presente desde hace 60 a\u00f1os con la m\u00e1s alta especializaci\u00f3n en el sector.<\/p>\n<p>La empresa ofrece la m\u00e1s avanzada tecnolog\u00eda y los mejores productos, soluciones personalizadas, redes que se adaptan a las diferentes situaciones ambientales o t\u00e9cnico-productivas, adapt\u00e1ndose a las diferentes necesidades individuales.<\/p>\n<p>El equipo es capaz de planificar junto con el agricultor los mejores tiempos, m\u00e9todos y sistemas para la cobertura de sus recursos territoriales, ofreciendo asistencia personalizada y asesoramiento profesional.[\/vc_column_text][\/vc_column][vc_column width=\u00bb1\/2&#8243; column_padding=\u00bb4%\u00bb][block_title style=\u00bbcolumn_title\u00bb title=\u00bbMision\u00bb][\/block_title][vc_column_text]La malla es hoy la mejor protecci\u00f3n, tanto desde el punto de vista econ\u00f3mico, que de la producci\u00f3n y con el m\u00ednimo impacto ambiental.<\/p>\n<p>AGRINOVA encaja en este contexto, encontrando una soluci\u00f3n apta a garantizar una protecci\u00f3n constante y duradera.<\/p>\n<p>La inversi\u00f3n continua en las \u00faltimas tecnolog\u00edas y la elecci\u00f3n de las mejores materias primas disponibles en el mercado nos permite ser una de las empresas m\u00e1s s\u00f3lidas y confiables del sector a nivel mundial.[\/vc_column_text][\/vc_column][\/vc_row][vc_row][vc_column width=\u00bb1\/2&#8243;][block_title style=\u00bbcolumn_title\u00bb title=\u00bbAgrinova en el mundo\u00bb][\/block_title][vc_column_text]Desde la Fundaci\u00f3n de la compa\u00f1\u00eda en 1958, AGRINOVA siempre ha trabajado para lograr un producto de calidad, a la avanguardia y econ\u00f3micamente competitivo.<\/p>\n<p>Desde aquellos d\u00edas hasta hoy, nuestros esfuerzos han sido recompensados y nuestros productos se han extendido a todos los rincones del globo.<\/p>\n<p>Este \u00e9xito empresarial es confirmado por el reconocimiento y la estima que recibimos de nuestros clientes y por la continua expansi\u00f3n hacia nuevos mercados.[\/vc_column_text][\/vc_column][vc_column width=\u00bb1\/2&#8243;][media animation=\u00bbnone\u00bb link=\u00bb\u00bb image=\u00bb1448&#8243;][\/vc_column][\/vc_row]<\/p>\n","protected":false},"excerpt":{"rendered":"<p>[vc_row][vc_column width=\u00bb2\/3&#8243;][block_title style=\u00bbcolumn_title\u00bb title=\u00bbAGRINOVA, desde 1958 le garantizamos sus cosechas\u00bb][\/block_title][vc_column_text]La empresa AGRINOVA naci\u00f3 en el a\u00f1o 1958 gracias al fundador Dr. AGR. Ferrario Pier Luigi quien por primero pens\u00f3 en utilizar los tejidos pl\u00e1sticos en el \u00e1mbito agr\u00edcola. Gracias a la colaboraci\u00f3n de eminentes investigadores, incluyendo el Premio Nobel en qu\u00edmica Prof. Natta, fueron dise\u00f1adas [&hellip;]<\/p>\n","protected":false},"author":1,"featured_media":1677,"parent":0,"menu_order":9,"comment_status":"closed","ping_status":"closed","template":"","meta":{"spay_email":"","footnotes":""},"class_list":["post-1198","page","type-page","status-publish","has-post-thumbnail","hentry"],"yoast_head":"<!-- This site is optimized with the Yoast SEO plugin v14.3 - https:\/\/yoast.com\/wordpress\/plugins\/seo\/ -->\n<title>Empresa | AGRINOVA II<\/title>\n<meta name=\"robots\" content=\"index, follow\" \/>\n<meta name=\"googlebot\" content=\"index, follow, max-snippet:-1, max-image-preview:large, max-video-preview:-1\" \/>\n<meta name=\"bingbot\" content=\"index, follow, max-snippet:-1, max-image-preview:large, max-video-preview:-1\" \/>\n<link rel=\"canonical\" href=\"https:\/\/agrinova-srl.net\/es\/empresa\/\" \/>\n<meta property=\"og:locale\" content=\"es_ES\" \/>\n<meta property=\"og:type\" content=\"article\" \/>\n<meta property=\"og:title\" content=\"Empresa | AGRINOVA II\" \/>\n<meta property=\"og:description\" content=\"[vc_row][vc_column width=\u00bb2\/3&#8243;][block_title style=\u00bbcolumn_title\u00bb title=\u00bbAGRINOVA, desde 1958 le garantizamos sus cosechas\u00bb][\/block_title][vc_column_text]La empresa AGRINOVA naci\u00f3 en el a\u00f1o 1958 gracias al fundador Dr. AGR. Ferrario Pier Luigi quien por primero pens\u00f3 en utilizar los tejidos pl\u00e1sticos en el \u00e1mbito agr\u00edcola. Gracias a la colaboraci\u00f3n de eminentes investigadores, incluyendo el Premio Nobel en qu\u00edmica Prof. Natta, fueron dise\u00f1adas [&hellip;]\" \/>\n<meta property=\"og:url\" content=\"https:\/\/agrinova-srl.net\/es\/empresa\/\" \/>\n<meta property=\"og:site_name\" content=\"AGRINOVA II\" \/>\n<meta property=\"article:modified_time\" content=\"2018-03-05T13:08:05+00:00\" \/>\n<meta property=\"og:image\" content=\"https:\/\/agrinova-srl.net\/wp-content\/uploads\/2018\/01\/phpThumb_generated_thumbnail-1.jpeg\" \/>\n\t<meta property=\"og:image:width\" content=\"750\" \/>\n\t<meta property=\"og:image:height\" content=\"387\" \/>\n<meta name=\"twitter:card\" content=\"summary_large_image\" \/>\n<script type=\"application\/ld+json\" class=\"yoast-schema-graph\">{\"@context\":\"https:\/\/schema.org\",\"@graph\":[{\"@type\":\"Organization\",\"@id\":\"https:\/\/agrinova-srl.net\/es\/#organization\",\"name\":\"AGRINOVA II\",\"url\":\"https:\/\/agrinova-srl.net\/es\/\",\"sameAs\":[],\"logo\":{\"@type\":\"ImageObject\",\"@id\":\"https:\/\/agrinova-srl.net\/es\/#logo\",\"inLanguage\":\"es\",\"url\":\"https:\/\/agrinova-srl.net\/wp-content\/uploads\/2018\/01\/specular_logo_medicine2-1.png\",\"width\":296,\"height\":54,\"caption\":\"AGRINOVA II\"},\"image\":{\"@id\":\"https:\/\/agrinova-srl.net\/es\/#logo\"}},{\"@type\":\"WebSite\",\"@id\":\"https:\/\/agrinova-srl.net\/es\/#website\",\"url\":\"https:\/\/agrinova-srl.net\/es\/\",\"name\":\"AGRINOVA II\",\"description\":\"Garantiamo i vostri raccolti dal 1958\",\"publisher\":{\"@id\":\"https:\/\/agrinova-srl.net\/es\/#organization\"},\"potentialAction\":[{\"@type\":\"SearchAction\",\"target\":\"https:\/\/agrinova-srl.net\/es\/?s={search_term_string}\",\"query-input\":\"required name=search_term_string\"}],\"inLanguage\":\"es\"},{\"@type\":\"ImageObject\",\"@id\":\"https:\/\/agrinova-srl.net\/es\/empresa\/#primaryimage\",\"inLanguage\":\"es\",\"url\":\"https:\/\/agrinova-srl.net\/wp-content\/uploads\/2018\/01\/phpThumb_generated_thumbnail-1.jpeg\",\"width\":750,\"height\":387},{\"@type\":\"WebPage\",\"@id\":\"https:\/\/agrinova-srl.net\/es\/empresa\/#webpage\",\"url\":\"https:\/\/agrinova-srl.net\/es\/empresa\/\",\"name\":\"Empresa | AGRINOVA II\",\"isPartOf\":{\"@id\":\"https:\/\/agrinova-srl.net\/es\/#website\"},\"primaryImageOfPage\":{\"@id\":\"https:\/\/agrinova-srl.net\/es\/empresa\/#primaryimage\"},\"datePublished\":\"2014-08-30T12:57:58+00:00\",\"dateModified\":\"2018-03-05T13:08:05+00:00\",\"inLanguage\":\"es\",\"potentialAction\":[{\"@type\":\"ReadAction\",\"target\":[\"https:\/\/agrinova-srl.net\/es\/empresa\/\"]}]}]}<\/script>\n<!-- \/ Yoast SEO plugin. -->","jetpack_sharing_enabled":true,"jetpack_shortlink":"https:\/\/wp.me\/PaeNuC-jk","_links":{"self":[{"href":"https:\/\/agrinova-srl.net\/es\/wp-json\/wp\/v2\/pages\/1198\/"}],"collection":[{"href":"https:\/\/agrinova-srl.net\/es\/wp-json\/wp\/v2\/pages\/"}],"about":[{"href":"https:\/\/agrinova-srl.net\/es\/wp-json\/wp\/v2\/types\/page\/"}],"author":[{"embeddable":true,"href":"https:\/\/agrinova-srl.net\/es\/wp-json\/wp\/v2\/users\/1\/"}],"replies":[{"embeddable":true,"href":"https:\/\/agrinova-srl.net\/es\/wp-json\/wp\/v2\/comments\/?post=1198"}],"version-history":[{"count":7,"href":"https:\/\/agrinova-srl.net\/es\/wp-json\/wp\/v2\/pages\/1198\/revisions\/"}],"predecessor-version":[{"id":1491,"href":"https:\/\/agrinova-srl.net\/es\/wp-json\/wp\/v2\/pages\/1198\/revisions\/1491\/"}],"wp:featuredmedia":[{"embeddable":true,"href":"https:\/\/agrinova-srl.net\/es\/wp-json\/wp\/v2\/media\/1677\/"}],"wp:attachment":[{"href":"https:\/\/agrinova-srl.net\/es\/wp-json\/wp\/v2\/media\/?parent=1198"}],"curies":[{"name":"wp","href":"https:\/\/api.w.org\/{rel}","templated":true}]}}