{"id":1213,"date":"2018-02-02T15:29:46","date_gmt":"2018-02-02T14:29:46","guid":{"rendered":"https:\/\/agrinova-srl.net\/?page_id=1213"},"modified":"2018-02-05T17:25:02","modified_gmt":"2018-02-05T16:25:02","slug":"servicios","status":"publish","type":"page","link":"https:\/\/agrinova-srl.net\/es\/servicios\/","title":{"rendered":"Servicios"},"content":{"rendered":"<p>[vc_row][vc_column width=\u00bb1\/2&#8243; enable_animation=\u00bbtrue\u00bb css=\u00bb.vc_custom_1515661735981{padding-top: 32px !important;}\u00bb][media animation=\u00bbnone\u00bb link=\u00bb\u00bb image=\u00bb957&#8243;][\/vc_column][vc_column width=\u00bb1\/2&#8243; enable_animation=\u00bbtrue\u00bb column_padding=\u00bb3%\u00bb][block_title style=\u00bbcolumn_title\u00bb title=\u00bbConsultor\u00eda\u00bb second_title=\u00bbBuscamos juntos la mejor soluci\u00f3n\u00bb][\/block_title][vc_column_text]No es f\u00e1cil para aquellos que no son pr\u00e1cticos realizar elecci\u00f3n del tipo de estructura que m\u00e1s se adapte a sus necesidades.<\/p>\n<p>Las caracter\u00edsticas del suelo, morfolog\u00eda de varias especies de \u00e1rboles frutales, distancias de plantaci\u00f3n y condiciones clim\u00e1ticas pueden influenciar en la elecci\u00f3n del sistema m\u00e1s adecuado para la protecci\u00f3n de los cultivos.<\/p>\n<p>Eficacia probada de sistemas de protecci\u00f3n pueden no ser la mejor soluci\u00f3n a las caracter\u00edsticas generales de sus frutales. Materiales y t\u00e9cnicas pueden diferir de un \u00e1rea a otra.<\/p>\n<p>Antes de abordar grandes inversiones le aconsejamos consultar con uno de nuestros t\u00e9cnicos, el cual tendr\u00e1 en cuenta de todas las variantes de instalaci\u00f3n y ambientales pertinentes; le aconsejar\u00e1 sobre la mejor opci\u00f3n para la seguridad de sus cultivos, teniendo e consideraci\u00f3n sus necesidades y la relaci\u00f3n calidad\/precio.[\/vc_column_text][\/vc_column][\/vc_row][vc_row type=\u00bbfull_width_background\u00bb bg_color=\u00bb#f2f7f9&#8243;][vc_column width=\u00bb1\/2&#8243; enable_animation=\u00bbtrue\u00bb css=\u00bb.vc_custom_1515661748006{padding-top: 32px !important;}\u00bb][media animation=\u00bbnone\u00bb link=\u00bb\u00bb image=\u00bb958&#8243;][\/vc_column][vc_column width=\u00bb1\/2&#8243; column_padding=\u00bb3%\u00bb][block_title style=\u00bbcolumn_title\u00bb title=\u00bbDise\u00f1ando\u00bb second_title=\u00bbIndicaciones de la A a la Z\u00bb][\/block_title][vc_column_text]Nuestro equipo de t\u00e9cnicos es capaz de manejar las m\u00e1s diversas situaciones en el campo. Partiendo de la idea de dise\u00f1o del cliente y con una amplia experiencia de cincuenta a\u00f1os, somos capaces de gestionar cualquier tipo de sistema de protecci\u00f3n contra el granizo conocido hasta ahora, creamos y desarrollamos soluciones innovadoras para sistemas de sombra e instalaciones de protecci\u00f3n contra la lluvia, trabajando en estrecho contacto con el cliente y estableciendo un proceso de instrucci\u00f3n para una instalaci\u00f3n \u00f3ptima.<\/p>\n<p>Proporcionamos informaci\u00f3n sobre todos los materiales necesarios para una protecci\u00f3n adecuada contra el granizo, el viento, el sol y la lluvia. Empezando por el ancla y terminando con la \u00faltima placa, nuestros t\u00e9cnicos le asesorar\u00e1n para conseguir los resultados deseados.[\/vc_column_text][\/vc_column][\/vc_row][vc_row][vc_column width=\u00bb1\/2&#8243; css=\u00bb.vc_custom_1515661760550{padding-top: 32px !important;}\u00bb][media animation=\u00bbnone\u00bb link=\u00bb\u00bb image=\u00bb959&#8243;][\/vc_column][vc_column width=\u00bb1\/2&#8243; column_padding=\u00bb3%\u00bb][block_title style=\u00bbcolumn_title\u00bb title=\u00bbInstalaci\u00f3n\u00bb second_title=\u00bbPlantas llave en mano\u00bb][\/block_title][vc_column_text]A veces la falta de tiempo, la inexperiencia o simplemente la falta de personal adecuado hacen que muchos clientes se enfrenten a la elecci\u00f3n de requerir instalaciones llave en mano. Nuestros t\u00e9cnicos y distribuidores est\u00e1n equipados para suministrar sistemas terminados en caso de necesidad.<\/p>\n<p>No importa d\u00f3nde se encuentre o cu\u00e1n grande sea su proyecto, tenemos a nuestra disposici\u00f3n varios equipos especializados en la realizaci\u00f3n de diferentes tipos de plantas, adaptando la estructura a las condiciones geof\u00edsicas y clim\u00e1ticas de la zona a proteger.<\/p>\n<p>Desde Italia hasta Australia en toda Europa y Am\u00e9rica Latina, nuestros asociados, distribuidores y revendedores est\u00e1n a su disposici\u00f3n para satisfacer sus necesidades. D\u00e9jese guiar por nuestra experiencia, con nosotros sus proyectos son seguros. No dude en contactarnos para cotizaciones sin compromiso.[\/vc_column_text][\/vc_column][\/vc_row]<\/p>\n","protected":false},"excerpt":{"rendered":"<p>[vc_row][vc_column width=\u00bb1\/2&#8243; enable_animation=\u00bbtrue\u00bb css=\u00bb.vc_custom_1515661735981{padding-top: 32px !important;}\u00bb][media animation=\u00bbnone\u00bb link=\u00bb\u00bb image=\u00bb957&#8243;][\/vc_column][vc_column width=\u00bb1\/2&#8243; enable_animation=\u00bbtrue\u00bb column_padding=\u00bb3%\u00bb][block_title style=\u00bbcolumn_title\u00bb title=\u00bbConsultor\u00eda\u00bb second_title=\u00bbBuscamos juntos la mejor soluci\u00f3n\u00bb][\/block_title][vc_column_text]No es f\u00e1cil para aquellos que no son pr\u00e1cticos realizar elecci\u00f3n del tipo de estructura que m\u00e1s se adapte a sus necesidades. Las caracter\u00edsticas del suelo, morfolog\u00eda de varias especies de \u00e1rboles frutales, distancias de plantaci\u00f3n y [&hellip;]<\/p>\n","protected":false},"author":1,"featured_media":815,"parent":0,"menu_order":4,"comment_status":"closed","ping_status":"closed","template":"","meta":{"spay_email":"","footnotes":""},"class_list":["post-1213","page","type-page","status-publish","has-post-thumbnail","hentry"],"yoast_head":"<!-- This site is optimized with the Yoast SEO plugin v14.3 - https:\/\/yoast.com\/wordpress\/plugins\/seo\/ -->\n<title>Servicios | AGRINOVA II<\/title>\n<meta name=\"robots\" content=\"index, follow\" \/>\n<meta name=\"googlebot\" content=\"index, follow, max-snippet:-1, max-image-preview:large, max-video-preview:-1\" \/>\n<meta name=\"bingbot\" content=\"index, follow, max-snippet:-1, max-image-preview:large, max-video-preview:-1\" \/>\n<link rel=\"canonical\" href=\"https:\/\/agrinova-srl.net\/es\/servicios\/\" \/>\n<meta property=\"og:locale\" content=\"es_ES\" \/>\n<meta property=\"og:type\" content=\"article\" \/>\n<meta property=\"og:title\" content=\"Servicios | AGRINOVA II\" \/>\n<meta property=\"og:description\" content=\"[vc_row][vc_column width=\u00bb1\/2&#8243; enable_animation=\u00bbtrue\u00bb css=\u00bb.vc_custom_1515661735981{padding-top: 32px !important;}\u00bb][media animation=\u00bbnone\u00bb link=\u00bb\u00bb image=\u00bb957&#8243;][\/vc_column][vc_column width=\u00bb1\/2&#8243; enable_animation=\u00bbtrue\u00bb column_padding=\u00bb3%\u00bb][block_title style=\u00bbcolumn_title\u00bb title=\u00bbConsultor\u00eda\u00bb second_title=\u00bbBuscamos juntos la mejor soluci\u00f3n\u00bb][\/block_title][vc_column_text]No es f\u00e1cil para aquellos que no son pr\u00e1cticos realizar elecci\u00f3n del tipo de estructura que m\u00e1s se adapte a sus necesidades. Las caracter\u00edsticas del suelo, morfolog\u00eda de varias especies de \u00e1rboles frutales, distancias de plantaci\u00f3n y [&hellip;]\" \/>\n<meta property=\"og:url\" content=\"https:\/\/agrinova-srl.net\/es\/servicios\/\" \/>\n<meta property=\"og:site_name\" content=\"AGRINOVA II\" \/>\n<meta property=\"article:modified_time\" content=\"2018-02-05T16:25:02+00:00\" \/>\n<meta property=\"og:image\" content=\"https:\/\/agrinova-srl.net\/wp-content\/uploads\/2017\/12\/IMG_4252.jpg\" \/>\n\t<meta property=\"og:image:width\" content=\"1600\" \/>\n\t<meta property=\"og:image:height\" content=\"1200\" \/>\n<meta name=\"twitter:card\" content=\"summary_large_image\" \/>\n<script type=\"application\/ld+json\" class=\"yoast-schema-graph\">{\"@context\":\"https:\/\/schema.org\",\"@graph\":[{\"@type\":\"Organization\",\"@id\":\"https:\/\/agrinova-srl.net\/es\/#organization\",\"name\":\"AGRINOVA II\",\"url\":\"https:\/\/agrinova-srl.net\/es\/\",\"sameAs\":[],\"logo\":{\"@type\":\"ImageObject\",\"@id\":\"https:\/\/agrinova-srl.net\/es\/#logo\",\"inLanguage\":\"es\",\"url\":\"https:\/\/agrinova-srl.net\/wp-content\/uploads\/2018\/01\/specular_logo_medicine2-1.png\",\"width\":296,\"height\":54,\"caption\":\"AGRINOVA II\"},\"image\":{\"@id\":\"https:\/\/agrinova-srl.net\/es\/#logo\"}},{\"@type\":\"WebSite\",\"@id\":\"https:\/\/agrinova-srl.net\/es\/#website\",\"url\":\"https:\/\/agrinova-srl.net\/es\/\",\"name\":\"AGRINOVA II\",\"description\":\"Garantiamo i vostri raccolti dal 1958\",\"publisher\":{\"@id\":\"https:\/\/agrinova-srl.net\/es\/#organization\"},\"potentialAction\":[{\"@type\":\"SearchAction\",\"target\":\"https:\/\/agrinova-srl.net\/es\/?s={search_term_string}\",\"query-input\":\"required name=search_term_string\"}],\"inLanguage\":\"es\"},{\"@type\":\"ImageObject\",\"@id\":\"https:\/\/agrinova-srl.net\/es\/servicios\/#primaryimage\",\"inLanguage\":\"es\",\"url\":\"https:\/\/agrinova-srl.net\/wp-content\/uploads\/2017\/12\/IMG_4252.jpg\",\"width\":1600,\"height\":1200},{\"@type\":\"WebPage\",\"@id\":\"https:\/\/agrinova-srl.net\/es\/servicios\/#webpage\",\"url\":\"https:\/\/agrinova-srl.net\/es\/servicios\/\",\"name\":\"Servicios | AGRINOVA II\",\"isPartOf\":{\"@id\":\"https:\/\/agrinova-srl.net\/es\/#website\"},\"primaryImageOfPage\":{\"@id\":\"https:\/\/agrinova-srl.net\/es\/servicios\/#primaryimage\"},\"datePublished\":\"2018-02-02T14:29:46+00:00\",\"dateModified\":\"2018-02-05T16:25:02+00:00\",\"inLanguage\":\"es\",\"potentialAction\":[{\"@type\":\"ReadAction\",\"target\":[\"https:\/\/agrinova-srl.net\/es\/servicios\/\"]}]}]}<\/script>\n<!-- \/ Yoast SEO plugin. -->","jetpack_sharing_enabled":true,"jetpack_shortlink":"https:\/\/wp.me\/PaeNuC-jz","_links":{"self":[{"href":"https:\/\/agrinova-srl.net\/es\/wp-json\/wp\/v2\/pages\/1213\/"}],"collection":[{"href":"https:\/\/agrinova-srl.net\/es\/wp-json\/wp\/v2\/pages\/"}],"about":[{"href":"https:\/\/agrinova-srl.net\/es\/wp-json\/wp\/v2\/types\/page\/"}],"author":[{"embeddable":true,"href":"https:\/\/agrinova-srl.net\/es\/wp-json\/wp\/v2\/users\/1\/"}],"replies":[{"embeddable":true,"href":"https:\/\/agrinova-srl.net\/es\/wp-json\/wp\/v2\/comments\/?post=1213"}],"version-history":[{"count":6,"href":"https:\/\/agrinova-srl.net\/es\/wp-json\/wp\/v2\/pages\/1213\/revisions\/"}],"predecessor-version":[{"id":1360,"href":"https:\/\/agrinova-srl.net\/es\/wp-json\/wp\/v2\/pages\/1213\/revisions\/1360\/"}],"wp:featuredmedia":[{"embeddable":true,"href":"https:\/\/agrinova-srl.net\/es\/wp-json\/wp\/v2\/media\/815\/"}],"wp:attachment":[{"href":"https:\/\/agrinova-srl.net\/es\/wp-json\/wp\/v2\/media\/?parent=1213"}],"curies":[{"name":"wp","href":"https:\/\/api.w.org\/{rel}","templated":true}]}}