{"id":1219,"date":"2018-02-02T15:36:08","date_gmt":"2018-02-02T14:36:08","guid":{"rendered":"https:\/\/agrinova-srl.net\/?page_id=1219"},"modified":"2018-02-06T11:58:56","modified_gmt":"2018-02-06T10:58:56","slug":"segmentos-de-mercado","status":"publish","type":"page","link":"https:\/\/agrinova-srl.net\/es\/segmentos-de-mercado\/","title":{"rendered":"Segmentos de Mercado"},"content":{"rendered":"<p>[vc_row][vc_column width=\u00bb1\/2&#8243; column_padding=\u00bb3%\u00bb][media animation=\u00bbnone\u00bb link=\u00bb\u00bb image=\u00bb943&#8243;][\/vc_column][vc_column width=\u00bb1\/2&#8243; column_padding=\u00bb3%\u00bb][block_title style=\u00bbcolumn_title\u00bb title=\u00bbFruticultura\u00bb][\/block_title][vc_column_text]La vocaci\u00f3n principal de AGRINOVA es la\u00a0<strong>fruticultura<\/strong>; la protecci\u00f3n de\u00a0<strong>pom\u00e1ceas<\/strong>\u00a0<strong>y<\/strong>\u00a0<strong>drup\u00e1ceas<\/strong>\u00a0 representa hoy d\u00eda m\u00e1s del 70% de la producci\u00f3n global de mallas en nuestra empresa.<\/p>\n<p>En estos a\u00f1os, junto con nuestros clientes, hemos ampliado la gama de productos dedicada a este sector, ofreciendo nuevas soluciones y sistemas para garantizar al agricultor una cosecha de calidad y de cantidad.<\/p>\n<p><strong>Nuevos sistemas, nuevos colores y nuevas dimensiones de ventana<\/strong>\u00a0 en las mallas est\u00e1n a su disposici\u00f3n para tener siempre el producto m\u00e1s adecuado a su cultivo.[\/vc_column_text][\/vc_column][\/vc_row][vc_row type=\u00bbfull_width_background\u00bb bg_color=\u00bb#f2f7f9&#8243;][vc_column width=\u00bb1\/2&#8243; column_padding=\u00bb3%\u00bb][media animation=\u00bbnone\u00bb link=\u00bb\u00bb image=\u00bb944&#8243;][\/vc_column][vc_column width=\u00bb1\/2&#8243; column_padding=\u00bb3%\u00bb][block_title style=\u00bbcolumn_title\u00bb title=\u00bbOrto-Floricultura\u00bb][\/block_title][vc_column_text]<\/p>\n<div id=\"column_dx\">\n<div id=\"testo_articolo\" class=\"testo_25t\">\n<p>Cada vez m\u00e1s, en una sociedad sana y atenta como la nuestra, verduras y ensaladas\u00a0 tienen un papel primordial en nuestra dieta.<\/p>\n<p>Para estos cultivos AGRINOVA ha preparado en los \u00faltimos a\u00f1os una l\u00ednea espec\u00edfica para proteger los cultivos de las granizadas, del ataque de insectos, aves y condiciones clim\u00e1ticas extremas , como el exceso del sol y la falta de agua.<\/p>\n<p>Resultados mejores respecto a nuestras expectativas en ahorro de agua, calidad del producto y cantidad han sido certificados por prestigiosas empresas l\u00edderes del sector en estas producciones.<\/p>\n<p>Con nosotros sus verduras se elevan a su m\u00e1ximo potencial.<a><br \/>\n<\/a><\/p>\n<\/div>\n<\/div>\n<p>[\/vc_column_text][\/vc_column][\/vc_row][vc_row][vc_column width=\u00bb1\/2&#8243; column_padding=\u00bb3%\u00bb][media animation=\u00bbnone\u00bb link=\u00bb\u00bb image=\u00bb947&#8243;][\/vc_column][vc_column width=\u00bb1\/2&#8243; column_padding=\u00bb3%\u00bb][block_title style=\u00bbcolumn_title\u00bb title=\u00bbEstacionamientos\u00bb][\/block_title][vc_column_text]El da\u00f1o creado por una granizada en un coche es notable y siempre requiere gran cantidad de trabajo y dinero para realizar la reparaci\u00f3n.<\/p>\n<p>Para los propietarios individuales esto \u00e9s f\u00e1cilmente superable, gracias a la conclusi\u00f3n de un seguro espec\u00edfico, pero los\u00a0<strong>revendedores, salones y las grandes industrias del autom\u00f3vil<\/strong>\u00a0 no pueden permitirse pagar enormes cantidades de dinero para la protecci\u00f3n de los veh\u00edculos que est\u00e1n en sus espacios de estacionamiento, a veces, incluso por pocos d\u00edas.<\/p>\n<p>Un sistema de protecci\u00f3n\u00a0<strong>garantiza la integridad de las carrocer\u00edas<\/strong>, con amortizaci\u00f3n de los costes de instalaci\u00f3n en varios a\u00f1os y miles de veh\u00edculos.<\/p>\n<p>AGRINOVA tiene en su interior una divisi\u00f3n espec\u00edficamente creada para estas instalaciones, la\u00a0<strong>AGRINOVA IMPIANTI S.r.l.<\/strong>\u00a0 fuerte de la experiencia con reconocidas y grandes f\u00e1bricas le ayudar\u00e1 a completar sus proyectos.[\/vc_column_text][\/vc_column][\/vc_row]<\/p>\n","protected":false},"excerpt":{"rendered":"<p>[vc_row][vc_column width=\u00bb1\/2&#8243; column_padding=\u00bb3%\u00bb][media animation=\u00bbnone\u00bb link=\u00bb\u00bb image=\u00bb943&#8243;][\/vc_column][vc_column width=\u00bb1\/2&#8243; column_padding=\u00bb3%\u00bb][block_title style=\u00bbcolumn_title\u00bb title=\u00bbFruticultura\u00bb][\/block_title][vc_column_text]La vocaci\u00f3n principal de AGRINOVA es la\u00a0fruticultura; la protecci\u00f3n de\u00a0pom\u00e1ceas\u00a0y\u00a0drup\u00e1ceas\u00a0 representa hoy d\u00eda m\u00e1s del 70% de la producci\u00f3n global de mallas en nuestra empresa. En estos a\u00f1os, junto con nuestros clientes, hemos ampliado la gama de productos dedicada a este sector, ofreciendo nuevas soluciones y [&hellip;]<\/p>\n","protected":false},"author":1,"featured_media":815,"parent":0,"menu_order":4,"comment_status":"closed","ping_status":"closed","template":"","meta":{"spay_email":"","footnotes":""},"class_list":["post-1219","page","type-page","status-publish","has-post-thumbnail","hentry"],"yoast_head":"<!-- This site is optimized with the Yoast SEO plugin v14.3 - https:\/\/yoast.com\/wordpress\/plugins\/seo\/ -->\n<title>Segmentos de Mercado | AGRINOVA II<\/title>\n<meta name=\"robots\" content=\"noindex, follow\" \/>\n<meta property=\"og:locale\" content=\"es_ES\" \/>\n<meta property=\"og:type\" content=\"article\" \/>\n<meta property=\"og:title\" content=\"Segmentos de Mercado | AGRINOVA II\" \/>\n<meta property=\"og:description\" content=\"[vc_row][vc_column width=\u00bb1\/2&#8243; column_padding=\u00bb3%\u00bb][media animation=\u00bbnone\u00bb link=\u00bb\u00bb image=\u00bb943&#8243;][\/vc_column][vc_column width=\u00bb1\/2&#8243; column_padding=\u00bb3%\u00bb][block_title style=\u00bbcolumn_title\u00bb title=\u00bbFruticultura\u00bb][\/block_title][vc_column_text]La vocaci\u00f3n principal de AGRINOVA es la\u00a0fruticultura; la protecci\u00f3n de\u00a0pom\u00e1ceas\u00a0y\u00a0drup\u00e1ceas\u00a0 representa hoy d\u00eda m\u00e1s del 70% de la producci\u00f3n global de mallas en nuestra empresa. En estos a\u00f1os, junto con nuestros clientes, hemos ampliado la gama de productos dedicada a este sector, ofreciendo nuevas soluciones y [&hellip;]\" \/>\n<meta property=\"og:url\" content=\"https:\/\/agrinova-srl.net\/es\/segmentos-de-mercado\/\" \/>\n<meta property=\"og:site_name\" content=\"AGRINOVA II\" \/>\n<meta property=\"article:modified_time\" content=\"2018-02-06T10:58:56+00:00\" \/>\n<meta property=\"og:image\" content=\"https:\/\/agrinova-srl.net\/wp-content\/uploads\/2017\/12\/IMG_4252.jpg\" \/>\n\t<meta property=\"og:image:width\" content=\"1600\" \/>\n\t<meta property=\"og:image:height\" content=\"1200\" \/>\n<meta name=\"twitter:card\" content=\"summary_large_image\" \/>\n<script type=\"application\/ld+json\" class=\"yoast-schema-graph\">{\"@context\":\"https:\/\/schema.org\",\"@graph\":[{\"@type\":\"Organization\",\"@id\":\"https:\/\/agrinova-srl.net\/es\/#organization\",\"name\":\"AGRINOVA II\",\"url\":\"https:\/\/agrinova-srl.net\/es\/\",\"sameAs\":[],\"logo\":{\"@type\":\"ImageObject\",\"@id\":\"https:\/\/agrinova-srl.net\/es\/#logo\",\"inLanguage\":\"es\",\"url\":\"https:\/\/agrinova-srl.net\/wp-content\/uploads\/2018\/01\/specular_logo_medicine2-1.png\",\"width\":296,\"height\":54,\"caption\":\"AGRINOVA II\"},\"image\":{\"@id\":\"https:\/\/agrinova-srl.net\/es\/#logo\"}},{\"@type\":\"WebSite\",\"@id\":\"https:\/\/agrinova-srl.net\/es\/#website\",\"url\":\"https:\/\/agrinova-srl.net\/es\/\",\"name\":\"AGRINOVA II\",\"description\":\"Garantiamo i vostri raccolti dal 1958\",\"publisher\":{\"@id\":\"https:\/\/agrinova-srl.net\/es\/#organization\"},\"potentialAction\":[{\"@type\":\"SearchAction\",\"target\":\"https:\/\/agrinova-srl.net\/es\/?s={search_term_string}\",\"query-input\":\"required name=search_term_string\"}],\"inLanguage\":\"es\"},{\"@type\":\"ImageObject\",\"@id\":\"https:\/\/agrinova-srl.net\/es\/segmentos-de-mercado\/#primaryimage\",\"inLanguage\":\"es\",\"url\":\"https:\/\/agrinova-srl.net\/wp-content\/uploads\/2017\/12\/IMG_4252.jpg\",\"width\":1600,\"height\":1200},{\"@type\":\"WebPage\",\"@id\":\"https:\/\/agrinova-srl.net\/es\/segmentos-de-mercado\/#webpage\",\"url\":\"https:\/\/agrinova-srl.net\/es\/segmentos-de-mercado\/\",\"name\":\"Segmentos de Mercado | AGRINOVA II\",\"isPartOf\":{\"@id\":\"https:\/\/agrinova-srl.net\/es\/#website\"},\"primaryImageOfPage\":{\"@id\":\"https:\/\/agrinova-srl.net\/es\/segmentos-de-mercado\/#primaryimage\"},\"datePublished\":\"2018-02-02T14:36:08+00:00\",\"dateModified\":\"2018-02-06T10:58:56+00:00\",\"inLanguage\":\"es\",\"potentialAction\":[{\"@type\":\"ReadAction\",\"target\":[\"https:\/\/agrinova-srl.net\/es\/segmentos-de-mercado\/\"]}]}]}<\/script>\n<!-- \/ Yoast SEO plugin. -->","jetpack_sharing_enabled":true,"jetpack_shortlink":"https:\/\/wp.me\/PaeNuC-jF","_links":{"self":[{"href":"https:\/\/agrinova-srl.net\/es\/wp-json\/wp\/v2\/pages\/1219\/"}],"collection":[{"href":"https:\/\/agrinova-srl.net\/es\/wp-json\/wp\/v2\/pages\/"}],"about":[{"href":"https:\/\/agrinova-srl.net\/es\/wp-json\/wp\/v2\/types\/page\/"}],"author":[{"embeddable":true,"href":"https:\/\/agrinova-srl.net\/es\/wp-json\/wp\/v2\/users\/1\/"}],"replies":[{"embeddable":true,"href":"https:\/\/agrinova-srl.net\/es\/wp-json\/wp\/v2\/comments\/?post=1219"}],"version-history":[{"count":5,"href":"https:\/\/agrinova-srl.net\/es\/wp-json\/wp\/v2\/pages\/1219\/revisions\/"}],"predecessor-version":[{"id":1302,"href":"https:\/\/agrinova-srl.net\/es\/wp-json\/wp\/v2\/pages\/1219\/revisions\/1302\/"}],"wp:featuredmedia":[{"embeddable":true,"href":"https:\/\/agrinova-srl.net\/es\/wp-json\/wp\/v2\/media\/815\/"}],"wp:attachment":[{"href":"https:\/\/agrinova-srl.net\/es\/wp-json\/wp\/v2\/media\/?parent=1219"}],"curies":[{"name":"wp","href":"https:\/\/api.w.org\/{rel}","templated":true}]}}