{"id":1230,"date":"2018-02-02T16:16:11","date_gmt":"2018-02-02T15:16:11","guid":{"rendered":"https:\/\/agrinova-srl.net\/?page_id=1230"},"modified":"2018-03-05T12:27:48","modified_gmt":"2018-03-05T11:27:48","slug":"mallas-de-sombra-cortavientos","status":"publish","type":"page","link":"https:\/\/agrinova-srl.net\/es\/mallas-de-sombra-cortavientos\/","title":{"rendered":"Mallas de Sombra \/ Cortavientos"},"content":{"rendered":"<p>[vc_row type=\u00bbfull_width_background\u00bb bg_image=\u00bb921&#8243; bg_position=\u00bbcenter center\u00bb bg_repeat=\u00bbrepeat\u00bb parallax_bg=\u00bbtrue\u00bb top_padding=\u00bb0&#8243; bottom_padding=\u00bb0&#8243;][vc_column][vc_empty_space height=\u00bb400px\u00bb][\/vc_column][\/vc_row][vc_row borders=\u00bb1&#8243;][vc_column][block_title style=\u00bbcolumn_title\u00bb inner_style=\u00bbinline_border\u00bb title=\u00bbMALLAS DE SOMBRA\/CORTAVIENTOS\u00bb][\/block_title][vc_column_text]La excesiva exposici\u00f3n a los rayos del sol es un riesgo para la calidad de la cosecha.<\/p>\n<p>Las variaciones clim\u00e1ticas y el constante aumentar de las temperaturas medias suman ulteriores incertezas.<\/p>\n<p>La malla filtra la cantidad de luz optimal para la calidad de la cosecha. La acci\u00f3n contra el viento y el efecto invernadero protegen los cultivo de los estreses atmosf\u00e9ricos.<\/p>\n<p>Adem\u00e1s atenua las fuertes excursiones t\u00e9rmicas protegiendo plantas y frutos de este tipo de shocks.<\/p>\n<p>Mantiene la humedad relativa a niveles deseados. Las mallas son ligeras, manejables, de sencillo utilizo e instalaci\u00f3n. Su ciclo de vida util se extiende en una pluralidad de campa\u00f1as, tal de permitir f\u00e1cilmente la amortizaci\u00f3n de la inversi\u00f3n efectuada.[\/vc_column_text][vc_media_grid element_width=\u00bb2&#8243; gap=\u00bb10&#8243; grid_id=\u00bbvc_gid:1517835932876-c865095a-423d-4&#8243; css=\u00bb.vc_custom_1517480106816{padding-left: 20px !important;}\u00bb include=\u00bb1090,1091,1092,1093,1094,1095&#8243;][\/vc_column][\/vc_row][vc_row type=\u00bbfull_width_background\u00bb bg_image=\u00bb922&#8243; bg_position=\u00bbcenter top\u00bb parallax_bg=\u00bbtrue\u00bb borders=\u00bb1&#8243;][vc_column css=\u00bb.vc_custom_1513867069722{padding-bottom: 20px !important;}\u00bb][vc_column_text]<\/p>\n<h3>cod. RF3 &#8211;\u00a0UMBRAVIT<br \/>\nMalla sombra y cortavientos, tejeduria plana<\/h3>\n<p>[\/vc_column_text][\/vc_column][vc_column width=\u00bb1\/2&#8243;][vc_column_text]<img loading=\"lazy\" decoding=\"async\" class=\"aligncenter wp-image-916 size-full\" src=\"https:\/\/agrinova-srl.net\/wp-content\/uploads\/2017\/12\/phpThumb_generated_thumbnail-6.jpeg\" alt=\"\" width=\"590\" height=\"150\" srcset=\"https:\/\/agrinova-srl.net\/wp-content\/uploads\/2017\/12\/phpThumb_generated_thumbnail-6.jpeg 590w, https:\/\/agrinova-srl.net\/wp-content\/uploads\/2017\/12\/phpThumb_generated_thumbnail-6-300x76.jpeg 300w\" sizes=\"auto, (max-width: 590px) 100vw, 590px\" \/>[\/vc_column_text][\/vc_column][vc_column width=\u00bb1\/2&#8243;][vc_column_text]<\/p>\n<ul>\n<li>Material: Polietileno alta densidad estabilizado U.V<\/li>\n<li>Resistencia a la rotura: en tira, referida a hilo singular (UNI 9405) &gt; 30g\/tex<\/li>\n<li>Colores disponibles: negro, negro\/verde, kristall<\/li>\n<li>Sombra (en color negro): 30% con luz a 90\u00b0<\/li>\n<li>Urdimbre: monohilo \u00d8 0,285mm \/ hilos n\u00b0 6<br \/>\nTrama: monohilo \u00d8 0,285 mm \/ hilos n\u00b0 6<\/li>\n<li>Peso (g\/m2): \u00b1 77 g\/m2<\/li>\n<li>Anchuras: m 1 &#8211; 1,5 &#8211; 2 &#8211; 3 &#8211; 4; medidas superiores se obtienen tramite cosido.<\/li>\n<li>Como cortavientos: reduce la velocidad del viento del 30%<\/li>\n<\/ul>\n<p>[\/vc_column_text][\/vc_column][\/vc_row][vc_row borders=\u00bb1&#8243;][vc_column css=\u00bb.vc_custom_1513867069722{padding-bottom: 20px !important;}\u00bb][vc_column_text]<\/p>\n<h3>cod. RF4 &#8211;\u00a0UMBRATEX<br \/>\nMalla sombra y cortavientos, tejeduria plana<\/h3>\n<p>[\/vc_column_text][\/vc_column][vc_column width=\u00bb1\/2&#8243;][vc_column_text]<img loading=\"lazy\" decoding=\"async\" class=\"aligncenter wp-image-917 size-full\" src=\"https:\/\/agrinova-srl.net\/wp-content\/uploads\/2017\/12\/phpThumb_generated_thumbnail-7.jpeg\" alt=\"\" width=\"590\" height=\"150\" srcset=\"https:\/\/agrinova-srl.net\/wp-content\/uploads\/2017\/12\/phpThumb_generated_thumbnail-7.jpeg 590w, https:\/\/agrinova-srl.net\/wp-content\/uploads\/2017\/12\/phpThumb_generated_thumbnail-7-300x76.jpeg 300w\" sizes=\"auto, (max-width: 590px) 100vw, 590px\" \/>[\/vc_column_text][\/vc_column][vc_column width=\u00bb1\/2&#8243;][vc_column_text]<\/p>\n<ul>\n<li>Material: Polietileno alta densidad estabilizado U.V<\/li>\n<li>Resistencia a la rotura: en tira, referida a hilo singular (UNI 9405) &gt; 30g\/tex<\/li>\n<li>Colores disponibles: negro, negro\/verde, kristall<\/li>\n<li>Sombra (en color negro): 50% con luz a 90\u00b0<\/li>\n<li>Urdimbre: monohilo \u00d8 0,285mm \/ hilos n\u00b08<br \/>\nTrama: monohilo \u00d8 0,285 mm \/ hilos n\u00b0 5,5<\/li>\n<li>Peso (g\/m2): \u00b1 96 g\/m2<\/li>\n<li>Anchuras: m 1 &#8211; 1,5 &#8211; 2 &#8211; 3 &#8211; 4; medidas superiores se obtienen tramite cosido.<\/li>\n<li>Como cortavientos: reduce la velocidad del viento del 40%<\/li>\n<\/ul>\n<p>[\/vc_column_text][\/vc_column][\/vc_row][vc_row type=\u00bbfull_width_background\u00bb bg_image=\u00bb922&#8243; bg_position=\u00bbcenter top\u00bb parallax_bg=\u00bbtrue\u00bb borders=\u00bb1&#8243;][vc_column css=\u00bb.vc_custom_1513867069722{padding-bottom: 20px !important;}\u00bb][vc_column_text]<\/p>\n<h3>cod. RF6 &#8211;\u00a0SUPER UMBRATEX<br \/>\nMalla sombra y cortavientos, tejeduria plana<\/h3>\n<p>[\/vc_column_text][\/vc_column][vc_column width=\u00bb1\/2&#8243;][vc_column_text]<img loading=\"lazy\" decoding=\"async\" class=\"aligncenter wp-image-918 size-full\" src=\"https:\/\/agrinova-srl.net\/wp-content\/uploads\/2017\/12\/phpThumb_generated_thumbnail-8.jpeg\" alt=\"\" width=\"590\" height=\"150\" srcset=\"https:\/\/agrinova-srl.net\/wp-content\/uploads\/2017\/12\/phpThumb_generated_thumbnail-8.jpeg 590w, https:\/\/agrinova-srl.net\/wp-content\/uploads\/2017\/12\/phpThumb_generated_thumbnail-8-300x76.jpeg 300w\" sizes=\"auto, (max-width: 590px) 100vw, 590px\" \/>[\/vc_column_text][\/vc_column][vc_column width=\u00bb1\/2&#8243;][vc_column_text]<\/p>\n<div id=\"column_dx\">\n<div>\n<div>\n<div id=\"testo_articolo\" class=\"testo_25t\">\n<ul>\n<li>Material: Polietileno alta densidad estabilizado U.V<\/li>\n<li>Resistencia a la rotura: en tira, referida a hilo singular (UNI 9405) &gt; 30g\/tex<\/li>\n<li>Colores disponibles: negro, negro\/verde, kristall<\/li>\n<li>Sombra (en color negro): 70% con luz a 90\u00b0<\/li>\n<li>Urdimbre: monohilo \u00d8 0,285mm \/ hilos n\u00b0 16<br \/>\nTrama: monohilo \u00d8 0,285 mm \/ hilos n\u00b0 6<\/li>\n<li>Peso (g\/m2): \u00b1 145 g\/m2<\/li>\n<li>Anchuras: m 1 &#8211; 1,5 &#8211; 2 &#8211; 3 &#8211; 4; medidas superiores se obtienen tramite cosido.<\/li>\n<li>Como cortavientos: reduce la velocidad del viento del 60%<\/li>\n<\/ul>\n<\/div>\n<\/div>\n<div><\/div>\n<div><\/div>\n<\/div>\n<\/div>\n<p>[\/vc_column_text][\/vc_column][\/vc_row][vc_row borders=\u00bb1&#8243;][vc_column css=\u00bb.vc_custom_1513867069722{padding-bottom: 20px !important;}\u00bb][vc_column_text]<\/p>\n<h3>cod. RF8 &#8211;\u00a0HYPER UMBRATEX<br \/>\nMalla sombra y cortavientos, tejeduria plana<\/h3>\n<p>[\/vc_column_text][\/vc_column][vc_column width=\u00bb1\/2&#8243;][vc_column_text]<img loading=\"lazy\" decoding=\"async\" class=\"aligncenter wp-image-919 size-full\" src=\"https:\/\/agrinova-srl.net\/wp-content\/uploads\/2017\/12\/phpThumb_generated_thumbnail-9.jpeg\" alt=\"\" width=\"590\" height=\"150\" srcset=\"https:\/\/agrinova-srl.net\/wp-content\/uploads\/2017\/12\/phpThumb_generated_thumbnail-9.jpeg 590w, https:\/\/agrinova-srl.net\/wp-content\/uploads\/2017\/12\/phpThumb_generated_thumbnail-9-300x76.jpeg 300w\" sizes=\"auto, (max-width: 590px) 100vw, 590px\" \/>[\/vc_column_text][\/vc_column][vc_column width=\u00bb1\/2&#8243;][vc_column_text]<\/p>\n<ul>\n<li>Material: Polietileno alta densidad estabilizado U.V<\/li>\n<li>Resistencia a la rotura: en tira, referida a hilo singular (UNI 9405) &gt; 30g\/tex<\/li>\n<li>Colores disponibles: negro, negro\/verde, kristall<\/li>\n<li>Sombra (en color negro): 90% con luz a 90\u00b0<\/li>\n<li>Urdimbre: monohilo \u00d8 0,285mm \/ hilos n\u00b016<\/li>\n<li>Trama: monohilo \u00d8 0,285 mm \/ hilos n\u00b0 7<\/li>\n<li>Peso (g\/m\u00c7): \u00b1 160 g\/m\u00c7<\/li>\n<li>Anchuras: m 1 &#8211; 1,5 &#8211; 2 &#8211; 3 &#8211; 4; medidas superiores se obtienen tramite cosido.<\/li>\n<li>Como cortavientos: reduce la velocidad del viento del 80%<\/li>\n<\/ul>\n<p>[\/vc_column_text][\/vc_column][\/vc_row]<\/p>\n<p>[vc_row type=\u00bbfull_width_background\u00bb bg_color=\u00bb#f6f6f6&#8243; borders=\u00bb1&#8243;][vc_column width=\u00bb5\/12&#8243;][vc_column_text]<strong>AGRINOVA II srl<\/strong><\/p>\n<p>Via Leonardo da Vinci, 24<br \/>\n20060 Cassina De&#8217; Pecchi (MI) Italy<\/p>\n<p><strong>Tel.<\/strong> +39 02 95299265<br \/>\n<strong>Fax<\/strong> +39\u00a002 9520451<br \/>\n<a href=\"mailto:info@agrinova-srl.net\"><strong>info@agrinova-srl.net<\/strong><\/a><\/p>\n<p><strong><img loading=\"lazy\" decoding=\"async\" src=\"https:\/\/agrinova-srl.net\/wp-content\/uploads\/2018\/03\/02ff5b55252ac00403253293049ff609-skype-icon-logo-by-vexels.png\" alt=\"\" width=\"19\" height=\"18\" \/>\u00a0 agrinova3\u00a0<\/strong><\/p>\n<p><strong><a href=\"https:\/\/www.facebook.com\/pages\/Agrinova\/288582891252565\" target=\"_blank\" rel=\"noopener\"><img loading=\"lazy\" decoding=\"async\" class=\"null\" src=\"https:\/\/agrinova-srl.net\/wp-content\/uploads\/2018\/03\/facebook.png\" alt=\"Find_us_on_Facebook\" width=\"100\" height=\"26\" \/><\/a><\/strong><\/p>\n<p>P.Iva e C.F. 07001180962<br \/>\nCapital social \u20ac 50.000,00 i.v.<br \/>\nREA AA N.\u00a0 1928536[\/vc_column_text][\/vc_column][vc_column width=\u00bb1\/12&#8243;][\/vc_column][vc_column width=\u00bb1\/2&#8243; css=\u00bb.vc_custom_1513867069722{padding-bottom: 20px !important;}\u00bb][block_title title=\u00bb\u00bfNecesita m\u00e1s informaci\u00f3n?\u00bb]<\/p>\n<p style=\"text-align: center;\">Entonces cont\u00e1ctenos AHORA!<\/p>\n<p>[\/block_title]<div role=\"form\" class=\"wpcf7\" id=\"wpcf7-f1301-o1\" lang=\"it-IT\" dir=\"ltr\">\n<div class=\"screen-reader-response\" aria-live=\"polite\"><\/div>\n<form action=\"\/es\/wp-json\/wp\/v2\/pages\/1230#wpcf7-f1301-o1\" method=\"post\" class=\"wpcf7-form\" novalidate=\"novalidate\">\n<div style=\"display: none;\">\n<input type=\"hidden\" name=\"_wpcf7\" value=\"1301\" \/>\n<input type=\"hidden\" name=\"_wpcf7_version\" value=\"5.1.9\" \/>\n<input type=\"hidden\" name=\"_wpcf7_locale\" value=\"it_IT\" \/>\n<input type=\"hidden\" name=\"_wpcf7_unit_tag\" value=\"wpcf7-f1301-o1\" \/>\n<input type=\"hidden\" name=\"_wpcf7_container_post\" value=\"0\" \/>\n<\/div>\n<p><label> Su nombre (obligatorio)<br \/>\n    <span class=\"wpcf7-form-control-wrap your-name\"><input type=\"text\" name=\"your-name\" value=\"\" size=\"40\" class=\"wpcf7-form-control wpcf7-text wpcf7-validates-as-required\" aria-required=\"true\" aria-invalid=\"false\" \/><\/span> <\/label><\/p>\n<p><label> Su email (obligatorio)<br \/>\n    <span class=\"wpcf7-form-control-wrap your-email\"><input type=\"email\" name=\"your-email\" value=\"\" size=\"40\" class=\"wpcf7-form-control wpcf7-text wpcf7-email wpcf7-validates-as-required wpcf7-validates-as-email\" aria-required=\"true\" aria-invalid=\"false\" \/><\/span> <\/label><\/p>\n<p><label> Objeto<br \/>\n    <span class=\"wpcf7-form-control-wrap your-subject\"><input type=\"text\" name=\"your-subject\" value=\"\" size=\"40\" class=\"wpcf7-form-control wpcf7-text\" aria-invalid=\"false\" \/><\/span> <\/label><\/p>\n<p><label> Su mensaje<br \/>\n    <span class=\"wpcf7-form-control-wrap your-message\"><textarea name=\"your-message\" cols=\"40\" rows=\"10\" class=\"wpcf7-form-control wpcf7-textarea\" aria-invalid=\"false\"><\/textarea><\/span> <\/label><\/p>\n<p><!-- DA QUI --><\/p>\n<div style=\"text-align: left; clear: both\" class=\"accettazione\">\n<style>\n.accettazione .wpcf7-list-item{\nmargin-left: 0 !important\n}\n<\/style>\n<p><span class=\"wpcf7-form-control-wrap acceptance-privacy\"><span class=\"wpcf7-form-control wpcf7-acceptance\"><span class=\"wpcf7-list-item\"><label><input type=\"checkbox\" name=\"acceptance-privacy\" value=\"1\" aria-invalid=\"false\" \/><span class=\"wpcf7-list-item-label\">Declaro que he le\u00eddo la <a href=\"https:\/\/agrinova-srl.net\/privacy-policy\/\" target=\"_blank\">informativa<\/a> y acepto su contenido y la forma en que se tratar\u00e1n mis datos personales.<\/span><\/label><\/span><\/span><\/span><\/p>\n<p><span class=\"wpcf7-form-control-wrap checkbox-markt\"><span class=\"wpcf7-form-control wpcf7-checkbox\"><span class=\"wpcf7-list-item first last\"><label><input type=\"checkbox\" name=\"checkbox-markt[]\" value=\"Declaro que he le\u00eddo la informaci\u00f3n y doy mi consentimiento al tratamiento de mis datos personales con fines de marketing.\" \/><span class=\"wpcf7-list-item-label\">Declaro que he le\u00eddo la informaci\u00f3n y doy mi consentimiento al tratamiento de mis datos personales con fines de marketing.<\/span><\/label><\/span><\/span><\/span><\/p>\n<\/div>\n<p><!-- A QUI--><\/p>\n<p><input type=\"submit\" value=\"Enviar\" class=\"wpcf7-form-control wpcf7-submit\" \/><\/p>\n<div class=\"wpcf7-response-output wpcf7-display-none\" aria-hidden=\"true\"><\/div><\/form><\/div>[\/vc_column][\/vc_row]<\/p>\n","protected":false},"excerpt":{"rendered":"<p>[vc_row type=\u00bbfull_width_background\u00bb bg_image=\u00bb921&#8243; bg_position=\u00bbcenter center\u00bb bg_repeat=\u00bbrepeat\u00bb parallax_bg=\u00bbtrue\u00bb top_padding=\u00bb0&#8243; bottom_padding=\u00bb0&#8243;][vc_column][vc_empty_space height=\u00bb400px\u00bb][\/vc_column][\/vc_row][vc_row borders=\u00bb1&#8243;][vc_column][block_title style=\u00bbcolumn_title\u00bb inner_style=\u00bbinline_border\u00bb title=\u00bbMALLAS DE SOMBRA\/CORTAVIENTOS\u00bb][\/block_title][vc_column_text]La excesiva exposici\u00f3n a los rayos del sol es un riesgo para la calidad de la cosecha. Las variaciones clim\u00e1ticas y el constante aumentar de las temperaturas medias suman ulteriores incertezas. La malla filtra la cantidad de luz optimal para [&hellip;]<\/p>\n","protected":false},"author":1,"featured_media":0,"parent":0,"menu_order":0,"comment_status":"closed","ping_status":"closed","template":"","meta":{"spay_email":"","footnotes":""},"class_list":["post-1230","page","type-page","status-publish","hentry"],"yoast_head":"<!-- This site is optimized with the Yoast SEO plugin v14.3 - https:\/\/yoast.com\/wordpress\/plugins\/seo\/ -->\n<title>Mallas de Sombra \/ Cortavientos | AGRINOVA II<\/title>\n<meta name=\"robots\" content=\"index, follow\" \/>\n<meta name=\"googlebot\" content=\"index, follow, max-snippet:-1, max-image-preview:large, max-video-preview:-1\" \/>\n<meta name=\"bingbot\" content=\"index, follow, max-snippet:-1, max-image-preview:large, max-video-preview:-1\" \/>\n<link rel=\"canonical\" href=\"https:\/\/agrinova-srl.net\/es\/mallas-de-sombra-cortavientos\/\" \/>\n<meta property=\"og:locale\" content=\"es_ES\" \/>\n<meta property=\"og:type\" content=\"article\" \/>\n<meta property=\"og:title\" content=\"Mallas de Sombra \/ Cortavientos | AGRINOVA II\" \/>\n<meta property=\"og:description\" content=\"[vc_row type=\u00bbfull_width_background\u00bb bg_image=\u00bb921&#8243; bg_position=\u00bbcenter center\u00bb bg_repeat=\u00bbrepeat\u00bb parallax_bg=\u00bbtrue\u00bb top_padding=\u00bb0&#8243; bottom_padding=\u00bb0&#8243;][vc_column][vc_empty_space height=\u00bb400px\u00bb][\/vc_column][\/vc_row][vc_row borders=\u00bb1&#8243;][vc_column][block_title style=\u00bbcolumn_title\u00bb inner_style=\u00bbinline_border\u00bb title=\u00bbMALLAS DE SOMBRA\/CORTAVIENTOS\u00bb][\/block_title][vc_column_text]La excesiva exposici\u00f3n a los rayos del sol es un riesgo para la calidad de la cosecha. Las variaciones clim\u00e1ticas y el constante aumentar de las temperaturas medias suman ulteriores incertezas. La malla filtra la cantidad de luz optimal para [&hellip;]\" \/>\n<meta property=\"og:url\" content=\"https:\/\/agrinova-srl.net\/es\/mallas-de-sombra-cortavientos\/\" \/>\n<meta property=\"og:site_name\" content=\"AGRINOVA II\" \/>\n<meta property=\"article:modified_time\" content=\"2018-03-05T11:27:48+00:00\" \/>\n<meta property=\"og:image\" content=\"https:\/\/agrinova-srl.net\/wp-content\/uploads\/2017\/12\/phpThumb_generated_thumbnail-6.jpeg\" \/>\n<meta name=\"twitter:card\" content=\"summary_large_image\" \/>\n<script type=\"application\/ld+json\" class=\"yoast-schema-graph\">{\"@context\":\"https:\/\/schema.org\",\"@graph\":[{\"@type\":\"Organization\",\"@id\":\"https:\/\/agrinova-srl.net\/es\/#organization\",\"name\":\"AGRINOVA II\",\"url\":\"https:\/\/agrinova-srl.net\/es\/\",\"sameAs\":[],\"logo\":{\"@type\":\"ImageObject\",\"@id\":\"https:\/\/agrinova-srl.net\/es\/#logo\",\"inLanguage\":\"es\",\"url\":\"https:\/\/agrinova-srl.net\/wp-content\/uploads\/2018\/01\/specular_logo_medicine2-1.png\",\"width\":296,\"height\":54,\"caption\":\"AGRINOVA II\"},\"image\":{\"@id\":\"https:\/\/agrinova-srl.net\/es\/#logo\"}},{\"@type\":\"WebSite\",\"@id\":\"https:\/\/agrinova-srl.net\/es\/#website\",\"url\":\"https:\/\/agrinova-srl.net\/es\/\",\"name\":\"AGRINOVA II\",\"description\":\"Garantiamo i vostri raccolti dal 1958\",\"publisher\":{\"@id\":\"https:\/\/agrinova-srl.net\/es\/#organization\"},\"potentialAction\":[{\"@type\":\"SearchAction\",\"target\":\"https:\/\/agrinova-srl.net\/es\/?s={search_term_string}\",\"query-input\":\"required name=search_term_string\"}],\"inLanguage\":\"es\"},{\"@type\":\"ImageObject\",\"@id\":\"https:\/\/agrinova-srl.net\/es\/mallas-de-sombra-cortavientos\/#primaryimage\",\"inLanguage\":\"es\",\"url\":\"https:\/\/agrinova-srl.net\/wp-content\/uploads\/2017\/12\/phpThumb_generated_thumbnail-6.jpeg\",\"width\":590,\"height\":150},{\"@type\":\"WebPage\",\"@id\":\"https:\/\/agrinova-srl.net\/es\/mallas-de-sombra-cortavientos\/#webpage\",\"url\":\"https:\/\/agrinova-srl.net\/es\/mallas-de-sombra-cortavientos\/\",\"name\":\"Mallas de Sombra \/ Cortavientos | AGRINOVA II\",\"isPartOf\":{\"@id\":\"https:\/\/agrinova-srl.net\/es\/#website\"},\"primaryImageOfPage\":{\"@id\":\"https:\/\/agrinova-srl.net\/es\/mallas-de-sombra-cortavientos\/#primaryimage\"},\"datePublished\":\"2018-02-02T15:16:11+00:00\",\"dateModified\":\"2018-03-05T11:27:48+00:00\",\"inLanguage\":\"es\",\"potentialAction\":[{\"@type\":\"ReadAction\",\"target\":[\"https:\/\/agrinova-srl.net\/es\/mallas-de-sombra-cortavientos\/\"]}]}]}<\/script>\n<!-- \/ Yoast SEO plugin. -->","jetpack_sharing_enabled":true,"jetpack_shortlink":"https:\/\/wp.me\/PaeNuC-jQ","_links":{"self":[{"href":"https:\/\/agrinova-srl.net\/es\/wp-json\/wp\/v2\/pages\/1230\/"}],"collection":[{"href":"https:\/\/agrinova-srl.net\/es\/wp-json\/wp\/v2\/pages\/"}],"about":[{"href":"https:\/\/agrinova-srl.net\/es\/wp-json\/wp\/v2\/types\/page\/"}],"author":[{"embeddable":true,"href":"https:\/\/agrinova-srl.net\/es\/wp-json\/wp\/v2\/users\/1\/"}],"replies":[{"embeddable":true,"href":"https:\/\/agrinova-srl.net\/es\/wp-json\/wp\/v2\/comments\/?post=1230"}],"version-history":[{"count":13,"href":"https:\/\/agrinova-srl.net\/es\/wp-json\/wp\/v2\/pages\/1230\/revisions\/"}],"predecessor-version":[{"id":1469,"href":"https:\/\/agrinova-srl.net\/es\/wp-json\/wp\/v2\/pages\/1230\/revisions\/1469\/"}],"wp:attachment":[{"href":"https:\/\/agrinova-srl.net\/es\/wp-json\/wp\/v2\/media\/?parent=1230"}],"curies":[{"name":"wp","href":"https:\/\/api.w.org\/{rel}","templated":true}]}}