{"id":1240,"date":"2018-02-02T16:30:06","date_gmt":"2018-02-02T15:30:06","guid":{"rendered":"https:\/\/agrinova-srl.net\/?page_id=1240"},"modified":"2018-03-05T12:26:34","modified_gmt":"2018-03-05T11:26:34","slug":"accesorios-para-mallas-antilluvia","status":"publish","type":"page","link":"https:\/\/agrinova-srl.net\/es\/accesorios-para-mallas-antilluvia\/","title":{"rendered":"Accesorios para Mallas Antilluvia"},"content":{"rendered":"<p>[vc_row type=\u00bbfull_width_background\u00bb bg_image=\u00bb909&#8243; bg_position=\u00bbcenter top\u00bb bg_repeat=\u00bbrepeat\u00bb parallax_bg=\u00bbtrue\u00bb top_padding=\u00bb0&#8243; bottom_padding=\u00bb0&#8243;][vc_column][vc_empty_space height=\u00bb400px\u00bb][\/vc_column][\/vc_row][vc_row][vc_column][block_title style=\u00bbcolumn_title\u00bb inner_style=\u00bbinline_border\u00bb title=\u00bbACCESORIOS PARA MALLAS ANTILLUVIA\u00bb][\/block_title][\/vc_column][\/vc_row][vc_row borders=\u00bb1&#8243;][vc_column width=\u00bb1\/3&#8243; css=\u00bb.vc_custom_1513867069722{padding-bottom: 20px !important;}\u00bb][vc_column_text]<\/p>\n<h3>cod. AMOV \u2013\u00a0GANCHO OVAL<\/h3>\n<p>[\/vc_column_text][vc_column_text]<img loading=\"lazy\" decoding=\"async\" class=\"aligncenter size-full wp-image-1013\" src=\"https:\/\/agrinova-srl.net\/wp-content\/uploads\/2018\/01\/phpThumb_generated_thumbnail-20.jpeg\" alt=\"\" width=\"590\" height=\"453\" srcset=\"https:\/\/agrinova-srl.net\/wp-content\/uploads\/2018\/01\/phpThumb_generated_thumbnail-20.jpeg 590w, https:\/\/agrinova-srl.net\/wp-content\/uploads\/2018\/01\/phpThumb_generated_thumbnail-20-300x230.jpeg 300w\" sizes=\"auto, (max-width: 590px) 100vw, 590px\" \/>[\/vc_column_text][vc_column_text]<\/p>\n<div id=\"column_dx\">\n<div>\n<div>\n<div>\n<div id=\"testo_articolo\" class=\"testo_25t\">\n<ul>\n<li>Pr\u00e1ctico y r\u00e1pido para la fijaci\u00f3n de las carpas en los hilos\/cables de cumbrera.<\/li>\n<li>Cajas de 2000 unidades.<\/li>\n<\/ul>\n<\/div>\n<\/div>\n<\/div>\n<\/div>\n<\/div>\n<p>[\/vc_column_text][\/vc_column][vc_column width=\u00bb1\/3&#8243;][vc_column_text]<\/p>\n<h3>cod. APLU &#8211;\u00a0PLAQUETA FLAT UNIVERSAL PARA ELASTICO CON TORNILLOS<\/h3>\n<p>[\/vc_column_text][vc_column_text]<img loading=\"lazy\" decoding=\"async\" class=\"aligncenter size-full wp-image-1011\" src=\"https:\/\/agrinova-srl.net\/wp-content\/uploads\/2018\/01\/phpThumb_generated_thumbnail-1-1.jpeg\" alt=\"\" width=\"590\" height=\"453\" srcset=\"https:\/\/agrinova-srl.net\/wp-content\/uploads\/2018\/01\/phpThumb_generated_thumbnail-1-1.jpeg 590w, https:\/\/agrinova-srl.net\/wp-content\/uploads\/2018\/01\/phpThumb_generated_thumbnail-1-1-300x230.jpeg 300w\" sizes=\"auto, (max-width: 590px) 100vw, 590px\" \/>[\/vc_column_text][vc_column_text]<\/p>\n<ul>\n<li>La mejor manera para salvaguardar los refuerzos externos de las carpas.<\/li>\n<li>Completada con un incavo para el pasaje y fijaci\u00f3n del el\u00e1stico.<\/li>\n<li>Cajas de 240 unidades.<\/li>\n<\/ul>\n<p>[\/vc_column_text][\/vc_column][vc_column width=\u00bb1\/3&#8243;][vc_column_text]<\/p>\n<h3>cod. ELANT6 \/ ELANT 9 &#8211;\u00a0ELASTICO ANTILLUVIA<\/h3>\n<p>[\/vc_column_text][vc_column_text]<img loading=\"lazy\" decoding=\"async\" class=\"aligncenter size-full wp-image-1012\" src=\"https:\/\/agrinova-srl.net\/wp-content\/uploads\/2018\/01\/phpThumb_generated_thumbnail-2.jpeg\" alt=\"\" width=\"590\" height=\"453\" srcset=\"https:\/\/agrinova-srl.net\/wp-content\/uploads\/2018\/01\/phpThumb_generated_thumbnail-2.jpeg 590w, https:\/\/agrinova-srl.net\/wp-content\/uploads\/2018\/01\/phpThumb_generated_thumbnail-2-300x230.jpeg 300w\" sizes=\"auto, (max-width: 590px) 100vw, 590px\" \/>[\/vc_column_text][vc_column_text]<\/p>\n<ul>\n<li>El\u00e1stico trenzado a alta tenacidad y resistencia, cobertura en polyester.<\/li>\n<li>Mantiene en tracci\u00f3n las carpas y amortigua los esfuerzos transmitidos a la estructura.<\/li>\n<li>Bobinas de 200 metros lineales.<\/li>\n<li>Disponible en espesores de 6\/9 mm-<\/li>\n<\/ul>\n<p>[\/vc_column_text][\/vc_column][\/vc_row][vc_row type=\u00bbfull_width_background\u00bb bg_color=\u00bb#f2f7f9&#8243; borders=\u00bb1&#8243;][vc_column width=\u00bb1\/3&#8243; css=\u00bb.vc_custom_1513867069722{padding-bottom: 20px !important;}\u00bb][vc_column_text]<\/p>\n<h3>cod. TP \u2013\u00a0PROTECTOR DE CARPA Y FILMS \u201cAGRISILOS\u201d<\/h3>\n<p>[\/vc_column_text][vc_column_text]<img loading=\"lazy\" decoding=\"async\" class=\"aligncenter size-full wp-image-1014\" src=\"https:\/\/agrinova-srl.net\/wp-content\/uploads\/2018\/01\/phpThumb_generated_thumbnail-3-1.jpeg\" alt=\"\" width=\"590\" height=\"453\" srcset=\"https:\/\/agrinova-srl.net\/wp-content\/uploads\/2018\/01\/phpThumb_generated_thumbnail-3-1.jpeg 590w, https:\/\/agrinova-srl.net\/wp-content\/uploads\/2018\/01\/phpThumb_generated_thumbnail-3-1-300x230.jpeg 300w\" sizes=\"auto, (max-width: 590px) 100vw, 590px\" \/>[\/vc_column_text][vc_column_text]<\/p>\n<ul>\n<li>Protector para carpas y films durante las fases de reposo invernal.<\/li>\n<li>Prolonga en el tiempo la eficacia de las carpas y films.<\/li>\n<\/ul>\n<p>[\/vc_column_text][\/vc_column][vc_column width=\u00bb1\/3&#8243;][vc_column_text]<\/p>\n<h3>cod. AS50M &#8211;\u00a0CLIP Y CORREA DE AMARRE<\/h3>\n<p>[\/vc_column_text][vc_column_text]<img loading=\"lazy\" decoding=\"async\" class=\"aligncenter size-full wp-image-1015\" src=\"https:\/\/agrinova-srl.net\/wp-content\/uploads\/2018\/01\/phpThumb_generated_thumbnail-4-1.jpeg\" alt=\"\" width=\"590\" height=\"453\" srcset=\"https:\/\/agrinova-srl.net\/wp-content\/uploads\/2018\/01\/phpThumb_generated_thumbnail-4-1.jpeg 590w, https:\/\/agrinova-srl.net\/wp-content\/uploads\/2018\/01\/phpThumb_generated_thumbnail-4-1-300x230.jpeg 300w\" sizes=\"auto, (max-width: 590px) 100vw, 590px\" \/>[\/vc_column_text][vc_column_text]<\/p>\n<ul>\n<li>Fijaci\u00f3n del TELO AGRISILOS.<\/li>\n<li>Recolecci\u00f3n de las carpas en posici\u00f3n invernal.<\/li>\n<\/ul>\n<p>[\/vc_column_text][\/vc_column][vc_column width=\u00bb1\/3&#8243;][vc_column_text]<\/p>\n<h3>cod. AMZ \u2013\u00a0MOSQUETON METALICO<\/h3>\n<p>[\/vc_column_text][vc_column_text]<img loading=\"lazy\" decoding=\"async\" class=\"aligncenter size-full wp-image-1016\" src=\"https:\/\/agrinova-srl.net\/wp-content\/uploads\/2018\/01\/phpThumb_generated_thumbnail-5-1.jpeg\" alt=\"\" width=\"590\" height=\"453\" srcset=\"https:\/\/agrinova-srl.net\/wp-content\/uploads\/2018\/01\/phpThumb_generated_thumbnail-5-1.jpeg 590w, https:\/\/agrinova-srl.net\/wp-content\/uploads\/2018\/01\/phpThumb_generated_thumbnail-5-1-300x230.jpeg 300w\" sizes=\"auto, (max-width: 590px) 100vw, 590px\" \/>[\/vc_column_text][vc_column_text]<\/p>\n<ul>\n<li>El modo mas r\u00e1pido de unir los cables de anclaje de los palos al alambre longitudinal central.<\/li>\n<\/ul>\n<p>[\/vc_column_text][\/vc_column][\/vc_row]<\/p>\n<p>[vc_row type=\u00bbfull_width_background\u00bb bg_color=\u00bb#f6f6f6&#8243; borders=\u00bb1&#8243;][vc_column width=\u00bb5\/12&#8243;][vc_column_text]<strong>AGRINOVA II srl<\/strong><\/p>\n<p>Via Leonardo da Vinci, 24<br \/>\n20060 Cassina De&#8217; Pecchi (MI) Italy<\/p>\n<p><strong>Tel.<\/strong> +39 02 95299265<br \/>\n<strong>Fax<\/strong> +39\u00a002 9520451<br \/>\n<a href=\"mailto:info@agrinova-srl.net\"><strong>info@agrinova-srl.net<\/strong><\/a><\/p>\n<p><strong><img loading=\"lazy\" decoding=\"async\" src=\"https:\/\/agrinova-srl.net\/wp-content\/uploads\/2018\/03\/02ff5b55252ac00403253293049ff609-skype-icon-logo-by-vexels.png\" alt=\"\" width=\"19\" height=\"18\" \/>\u00a0 agrinova3\u00a0<\/strong><\/p>\n<p><strong><a href=\"https:\/\/www.facebook.com\/pages\/Agrinova\/288582891252565\" target=\"_blank\" rel=\"noopener\"><img loading=\"lazy\" decoding=\"async\" class=\"null\" src=\"https:\/\/agrinova-srl.net\/wp-content\/uploads\/2018\/03\/facebook.png\" alt=\"Find_us_on_Facebook\" width=\"100\" height=\"26\" \/><\/a><\/strong><\/p>\n<p>P.Iva e C.F. 07001180962<br \/>\nCapital social \u20ac 50.000,00 i.v.<br \/>\nREA AA N.\u00a0 1928536[\/vc_column_text][\/vc_column][vc_column width=\u00bb1\/12&#8243;][\/vc_column][vc_column width=\u00bb1\/2&#8243; css=\u00bb.vc_custom_1513867069722{padding-bottom: 20px !important;}\u00bb][block_title title=\u00bb\u00bfNecesita m\u00e1s informaci\u00f3n?\u00bb]<\/p>\n<p style=\"text-align: center;\">Entonces cont\u00e1ctenos AHORA!<\/p>\n<p>[\/block_title]<div role=\"form\" class=\"wpcf7\" id=\"wpcf7-f1301-o1\" lang=\"it-IT\" dir=\"ltr\">\n<div class=\"screen-reader-response\" aria-live=\"polite\"><\/div>\n<form action=\"\/es\/wp-json\/wp\/v2\/pages\/1240#wpcf7-f1301-o1\" method=\"post\" class=\"wpcf7-form\" novalidate=\"novalidate\">\n<div style=\"display: none;\">\n<input type=\"hidden\" name=\"_wpcf7\" value=\"1301\" \/>\n<input type=\"hidden\" name=\"_wpcf7_version\" value=\"5.1.9\" \/>\n<input type=\"hidden\" name=\"_wpcf7_locale\" value=\"it_IT\" \/>\n<input type=\"hidden\" name=\"_wpcf7_unit_tag\" value=\"wpcf7-f1301-o1\" \/>\n<input type=\"hidden\" name=\"_wpcf7_container_post\" value=\"0\" \/>\n<\/div>\n<p><label> Su nombre (obligatorio)<br \/>\n    <span class=\"wpcf7-form-control-wrap your-name\"><input type=\"text\" name=\"your-name\" value=\"\" size=\"40\" class=\"wpcf7-form-control wpcf7-text wpcf7-validates-as-required\" aria-required=\"true\" aria-invalid=\"false\" \/><\/span> <\/label><\/p>\n<p><label> Su email (obligatorio)<br \/>\n    <span class=\"wpcf7-form-control-wrap your-email\"><input type=\"email\" name=\"your-email\" value=\"\" size=\"40\" class=\"wpcf7-form-control wpcf7-text wpcf7-email wpcf7-validates-as-required wpcf7-validates-as-email\" aria-required=\"true\" aria-invalid=\"false\" \/><\/span> <\/label><\/p>\n<p><label> Objeto<br \/>\n    <span class=\"wpcf7-form-control-wrap your-subject\"><input type=\"text\" name=\"your-subject\" value=\"\" size=\"40\" class=\"wpcf7-form-control wpcf7-text\" aria-invalid=\"false\" \/><\/span> <\/label><\/p>\n<p><label> Su mensaje<br \/>\n    <span class=\"wpcf7-form-control-wrap your-message\"><textarea name=\"your-message\" cols=\"40\" rows=\"10\" class=\"wpcf7-form-control wpcf7-textarea\" aria-invalid=\"false\"><\/textarea><\/span> <\/label><\/p>\n<p><!-- DA QUI --><\/p>\n<div style=\"text-align: left; clear: both\" class=\"accettazione\">\n<style>\n.accettazione .wpcf7-list-item{\nmargin-left: 0 !important\n}\n<\/style>\n<p><span class=\"wpcf7-form-control-wrap acceptance-privacy\"><span class=\"wpcf7-form-control wpcf7-acceptance\"><span class=\"wpcf7-list-item\"><label><input type=\"checkbox\" name=\"acceptance-privacy\" value=\"1\" aria-invalid=\"false\" \/><span class=\"wpcf7-list-item-label\">Declaro que he le\u00eddo la <a href=\"https:\/\/agrinova-srl.net\/privacy-policy\/\" target=\"_blank\">informativa<\/a> y acepto su contenido y la forma en que se tratar\u00e1n mis datos personales.<\/span><\/label><\/span><\/span><\/span><\/p>\n<p><span class=\"wpcf7-form-control-wrap checkbox-markt\"><span class=\"wpcf7-form-control wpcf7-checkbox\"><span class=\"wpcf7-list-item first last\"><label><input type=\"checkbox\" name=\"checkbox-markt[]\" value=\"Declaro que he le\u00eddo la informaci\u00f3n y doy mi consentimiento al tratamiento de mis datos personales con fines de marketing.\" \/><span class=\"wpcf7-list-item-label\">Declaro que he le\u00eddo la informaci\u00f3n y doy mi consentimiento al tratamiento de mis datos personales con fines de marketing.<\/span><\/label><\/span><\/span><\/span><\/p>\n<\/div>\n<p><!-- A QUI--><\/p>\n<p><input type=\"submit\" value=\"Enviar\" class=\"wpcf7-form-control wpcf7-submit\" \/><\/p>\n<div class=\"wpcf7-response-output wpcf7-display-none\" aria-hidden=\"true\"><\/div><\/form><\/div>[\/vc_column][\/vc_row]<\/p>\n","protected":false},"excerpt":{"rendered":"<p>[vc_row type=\u00bbfull_width_background\u00bb bg_image=\u00bb909&#8243; bg_position=\u00bbcenter top\u00bb bg_repeat=\u00bbrepeat\u00bb parallax_bg=\u00bbtrue\u00bb top_padding=\u00bb0&#8243; bottom_padding=\u00bb0&#8243;][vc_column][vc_empty_space height=\u00bb400px\u00bb][\/vc_column][\/vc_row][vc_row][vc_column][block_title style=\u00bbcolumn_title\u00bb inner_style=\u00bbinline_border\u00bb title=\u00bbACCESORIOS PARA MALLAS ANTILLUVIA\u00bb][\/block_title][\/vc_column][\/vc_row][vc_row borders=\u00bb1&#8243;][vc_column width=\u00bb1\/3&#8243; css=\u00bb.vc_custom_1513867069722{padding-bottom: 20px !important;}\u00bb][vc_column_text] cod. AMOV \u2013\u00a0GANCHO OVAL [\/vc_column_text][vc_column_text][\/vc_column_text][vc_column_text] Pr\u00e1ctico y r\u00e1pido para la fijaci\u00f3n de las carpas en los hilos\/cables de cumbrera. Cajas de 2000 unidades. [\/vc_column_text][\/vc_column][vc_column width=\u00bb1\/3&#8243;][vc_column_text] cod. APLU &#8211;\u00a0PLAQUETA FLAT UNIVERSAL PARA ELASTICO CON TORNILLOS [&hellip;]<\/p>\n","protected":false},"author":1,"featured_media":0,"parent":0,"menu_order":0,"comment_status":"closed","ping_status":"closed","template":"","meta":{"spay_email":"","footnotes":""},"class_list":["post-1240","page","type-page","status-publish","hentry"],"yoast_head":"<!-- This site is optimized with the Yoast SEO plugin v14.3 - https:\/\/yoast.com\/wordpress\/plugins\/seo\/ -->\n<title>Accesorios para Mallas Antilluvia | AGRINOVA II<\/title>\n<meta name=\"robots\" content=\"index, follow\" \/>\n<meta name=\"googlebot\" content=\"index, follow, max-snippet:-1, max-image-preview:large, max-video-preview:-1\" \/>\n<meta name=\"bingbot\" content=\"index, follow, max-snippet:-1, max-image-preview:large, max-video-preview:-1\" \/>\n<link rel=\"canonical\" href=\"https:\/\/agrinova-srl.net\/es\/accesorios-para-mallas-antilluvia\/\" \/>\n<meta property=\"og:locale\" content=\"es_ES\" \/>\n<meta property=\"og:type\" content=\"article\" \/>\n<meta property=\"og:title\" content=\"Accesorios para Mallas Antilluvia | AGRINOVA II\" \/>\n<meta property=\"og:description\" content=\"[vc_row type=\u00bbfull_width_background\u00bb bg_image=\u00bb909&#8243; bg_position=\u00bbcenter top\u00bb bg_repeat=\u00bbrepeat\u00bb parallax_bg=\u00bbtrue\u00bb top_padding=\u00bb0&#8243; bottom_padding=\u00bb0&#8243;][vc_column][vc_empty_space height=\u00bb400px\u00bb][\/vc_column][\/vc_row][vc_row][vc_column][block_title style=\u00bbcolumn_title\u00bb inner_style=\u00bbinline_border\u00bb title=\u00bbACCESORIOS PARA MALLAS ANTILLUVIA\u00bb][\/block_title][\/vc_column][\/vc_row][vc_row borders=\u00bb1&#8243;][vc_column width=\u00bb1\/3&#8243; css=\u00bb.vc_custom_1513867069722{padding-bottom: 20px !important;}\u00bb][vc_column_text] cod. AMOV \u2013\u00a0GANCHO OVAL [\/vc_column_text][vc_column_text][\/vc_column_text][vc_column_text] Pr\u00e1ctico y r\u00e1pido para la fijaci\u00f3n de las carpas en los hilos\/cables de cumbrera. Cajas de 2000 unidades. [\/vc_column_text][\/vc_column][vc_column width=\u00bb1\/3&#8243;][vc_column_text] cod. APLU &#8211;\u00a0PLAQUETA FLAT UNIVERSAL PARA ELASTICO CON TORNILLOS [&hellip;]\" \/>\n<meta property=\"og:url\" content=\"https:\/\/agrinova-srl.net\/es\/accesorios-para-mallas-antilluvia\/\" \/>\n<meta property=\"og:site_name\" content=\"AGRINOVA II\" \/>\n<meta property=\"article:modified_time\" content=\"2018-03-05T11:26:34+00:00\" \/>\n<meta property=\"og:image\" content=\"https:\/\/agrinova-srl.net\/wp-content\/uploads\/2018\/01\/phpThumb_generated_thumbnail-20.jpeg\" \/>\n<meta name=\"twitter:card\" content=\"summary_large_image\" \/>\n<script type=\"application\/ld+json\" class=\"yoast-schema-graph\">{\"@context\":\"https:\/\/schema.org\",\"@graph\":[{\"@type\":\"Organization\",\"@id\":\"https:\/\/agrinova-srl.net\/es\/#organization\",\"name\":\"AGRINOVA II\",\"url\":\"https:\/\/agrinova-srl.net\/es\/\",\"sameAs\":[],\"logo\":{\"@type\":\"ImageObject\",\"@id\":\"https:\/\/agrinova-srl.net\/es\/#logo\",\"inLanguage\":\"es\",\"url\":\"https:\/\/agrinova-srl.net\/wp-content\/uploads\/2018\/01\/specular_logo_medicine2-1.png\",\"width\":296,\"height\":54,\"caption\":\"AGRINOVA II\"},\"image\":{\"@id\":\"https:\/\/agrinova-srl.net\/es\/#logo\"}},{\"@type\":\"WebSite\",\"@id\":\"https:\/\/agrinova-srl.net\/es\/#website\",\"url\":\"https:\/\/agrinova-srl.net\/es\/\",\"name\":\"AGRINOVA II\",\"description\":\"Garantiamo i vostri raccolti dal 1958\",\"publisher\":{\"@id\":\"https:\/\/agrinova-srl.net\/es\/#organization\"},\"potentialAction\":[{\"@type\":\"SearchAction\",\"target\":\"https:\/\/agrinova-srl.net\/es\/?s={search_term_string}\",\"query-input\":\"required name=search_term_string\"}],\"inLanguage\":\"es\"},{\"@type\":\"ImageObject\",\"@id\":\"https:\/\/agrinova-srl.net\/es\/accesorios-para-mallas-antilluvia\/#primaryimage\",\"inLanguage\":\"es\",\"url\":\"https:\/\/agrinova-srl.net\/wp-content\/uploads\/2018\/01\/phpThumb_generated_thumbnail-20.jpeg\",\"width\":590,\"height\":453},{\"@type\":\"WebPage\",\"@id\":\"https:\/\/agrinova-srl.net\/es\/accesorios-para-mallas-antilluvia\/#webpage\",\"url\":\"https:\/\/agrinova-srl.net\/es\/accesorios-para-mallas-antilluvia\/\",\"name\":\"Accesorios para Mallas Antilluvia | AGRINOVA II\",\"isPartOf\":{\"@id\":\"https:\/\/agrinova-srl.net\/es\/#website\"},\"primaryImageOfPage\":{\"@id\":\"https:\/\/agrinova-srl.net\/es\/accesorios-para-mallas-antilluvia\/#primaryimage\"},\"datePublished\":\"2018-02-02T15:30:06+00:00\",\"dateModified\":\"2018-03-05T11:26:34+00:00\",\"inLanguage\":\"es\",\"potentialAction\":[{\"@type\":\"ReadAction\",\"target\":[\"https:\/\/agrinova-srl.net\/es\/accesorios-para-mallas-antilluvia\/\"]}]}]}<\/script>\n<!-- \/ Yoast SEO plugin. -->","jetpack_sharing_enabled":true,"jetpack_shortlink":"https:\/\/wp.me\/PaeNuC-k0","_links":{"self":[{"href":"https:\/\/agrinova-srl.net\/es\/wp-json\/wp\/v2\/pages\/1240\/"}],"collection":[{"href":"https:\/\/agrinova-srl.net\/es\/wp-json\/wp\/v2\/pages\/"}],"about":[{"href":"https:\/\/agrinova-srl.net\/es\/wp-json\/wp\/v2\/types\/page\/"}],"author":[{"embeddable":true,"href":"https:\/\/agrinova-srl.net\/es\/wp-json\/wp\/v2\/users\/1\/"}],"replies":[{"embeddable":true,"href":"https:\/\/agrinova-srl.net\/es\/wp-json\/wp\/v2\/comments\/?post=1240"}],"version-history":[{"count":10,"href":"https:\/\/agrinova-srl.net\/es\/wp-json\/wp\/v2\/pages\/1240\/revisions\/"}],"predecessor-version":[{"id":1462,"href":"https:\/\/agrinova-srl.net\/es\/wp-json\/wp\/v2\/pages\/1240\/revisions\/1462\/"}],"wp:attachment":[{"href":"https:\/\/agrinova-srl.net\/es\/wp-json\/wp\/v2\/media\/?parent=1240"}],"curies":[{"name":"wp","href":"https:\/\/api.w.org\/{rel}","templated":true}]}}