{"id":1260,"date":"2018-02-02T17:10:58","date_gmt":"2018-02-02T16:10:58","guid":{"rendered":"https:\/\/agrinova-srl.net\/?page_id=1260"},"modified":"2018-03-05T12:27:08","modified_gmt":"2018-03-05T11:27:08","slug":"mallas-antigranizo","status":"publish","type":"page","link":"https:\/\/agrinova-srl.net\/es\/mallas-antigranizo\/","title":{"rendered":"Mallas Antigranizo"},"content":{"rendered":"<p>[vc_row type=\u00bbfull_width_background\u00bb bg_image=\u00bb813&#8243; bg_position=\u00bbcenter top\u00bb bg_repeat=\u00bbrepeat\u00bb parallax_bg=\u00bbtrue\u00bb top_padding=\u00bb0&#8243; bottom_padding=\u00bb0&#8243;][vc_column][vc_empty_space height=\u00bb400px\u00bb][\/vc_column][\/vc_row][vc_row borders=\u00bb1&#8243;][vc_column][block_title style=\u00bbcolumn_title\u00bb inner_style=\u00bbinline_border\u00bb title=\u00bbMALLAS ANTIGRANIZO\u00bb][\/block_title][vc_column_text]El granizo puede durar pocos minutos y destruir cosechas enteras, arruinar las plantas, debilitarlas y hacerlas presa de infecciones virales: en unos momentos echar a perder el trabajo de a\u00f1os.<\/p>\n<p>La instalaci\u00f3n del sistema antigranizo es la solucci\u00f3n ecol\u00f3gicamente m\u00e1s compatible, permite asegurar la programaci\u00f3n del proprio trabajo, sin sucumbir a la cat\u00e1strofe natural. La inversi\u00f3n se amortiza a largo plazo.<\/p>\n<p>Las mallas tienen vida elevada incluso y expuestas a repetitivas granizadas u otras disfunciones ambientales.[\/vc_column_text][vc_media_grid element_width=\u00bb2&#8243; gap=\u00bb10&#8243; grid_id=\u00bbvc_gid:1517835678999-36007480-6797-5&#8243; css=\u00bb.vc_custom_1517477112633{padding-left: 20px !important;}\u00bb include=\u00bb812,815,814,813,1080,1081&#8243;][\/vc_column][\/vc_row][vc_row type=\u00bbfull_width_background\u00bb bg_image=\u00bb890&#8243; bg_position=\u00bbcenter top\u00bb parallax_bg=\u00bbtrue\u00bb borders=\u00bb1&#8243;][vc_column css=\u00bb.vc_custom_1513867069722{padding-bottom: 20px !important;}\u00bb][vc_column_text]<\/p>\n<h3>cod. RGN \u2013\u00a0GRANDILENE NEGRA<br \/>\nMalla a giro ingl\u00e9s seg\u00fan normativa UNIPLAST<\/h3>\n<p>[\/vc_column_text][\/vc_column][vc_column width=\u00bb1\/2&#8243;][vc_column_text]<img loading=\"lazy\" decoding=\"async\" class=\"aligncenter wp-image-896 size-full\" src=\"https:\/\/agrinova-srl.net\/wp-content\/uploads\/2017\/12\/phpThumb_generated_thumbnail-4-2.jpeg\" alt=\"Rete a giro inglese secondo normativa UNIPLAST\" width=\"590\" height=\"150\" srcset=\"https:\/\/agrinova-srl.net\/wp-content\/uploads\/2017\/12\/phpThumb_generated_thumbnail-4-2.jpeg 590w, https:\/\/agrinova-srl.net\/wp-content\/uploads\/2017\/12\/phpThumb_generated_thumbnail-4-2-300x76.jpeg 300w\" sizes=\"auto, (max-width: 590px) 100vw, 590px\" \/>[\/vc_column_text][\/vc_column][vc_column width=\u00bb1\/2&#8243;][vc_column_text]<\/p>\n<div id=\"column_dx\">\n<div id=\"testo_articolo\" class=\"testo_25t\">\n<ul>\n<li>Color trama \/ urdimbre: Negro \/ Negro<\/li>\n<li>Malla estandar \u201cF\u201d o Austria \u201cA\u201d<\/li>\n<li>Sombreo y corte de rayos U.V en portentaje identico<\/li>\n<li>Di\u00e1metros: Estandar \/ Extra \/ Strong a demanda<\/li>\n<li>M\u00e1xima resistencia al uso en el tiempo<\/li>\n<\/ul>\n<\/div>\n<\/div>\n<p>[\/vc_column_text][\/vc_column][\/vc_row][vc_row borders=\u00bb1&#8243;][vc_column css=\u00bb.vc_custom_1513867069722{padding-bottom: 20px !important;}\u00bb][vc_column_text]<\/p>\n<h3>cod. RGK \u2013\u00a0GRANDILENE KRISTALL<br \/>\nMalla a giro ingl\u00e9s seg\u00fan normativa UNIPLAST<\/h3>\n<p>[\/vc_column_text][\/vc_column][vc_column width=\u00bb1\/2&#8243;][vc_column_text]<img loading=\"lazy\" decoding=\"async\" class=\"aligncenter wp-image-897 size-full\" src=\"https:\/\/agrinova-srl.net\/wp-content\/uploads\/2017\/12\/phpThumb_generated_thumbnail-5-1.jpeg\" alt=\"Rete a giro inglese secondo normativa UNIPLAST\" width=\"590\" height=\"150\" srcset=\"https:\/\/agrinova-srl.net\/wp-content\/uploads\/2017\/12\/phpThumb_generated_thumbnail-5-1.jpeg 590w, https:\/\/agrinova-srl.net\/wp-content\/uploads\/2017\/12\/phpThumb_generated_thumbnail-5-1-300x76.jpeg 300w\" sizes=\"auto, (max-width: 590px) 100vw, 590px\" \/>[\/vc_column_text][\/vc_column][vc_column width=\u00bb1\/2&#8243;][vc_column_text]<\/p>\n<div id=\"column_dx\">\n<div>\n<div>\n<div id=\"testo_articolo\" class=\"testo_25t\">\n<ul>\n<li>Color trama \/ urdimbre: Kristall \/ Kristall<\/li>\n<li>Malla estandar \u201cF\u201d o Austria \u201cA\u201d<\/li>\n<li>Sombreo reducido y corte de rayos U.V ligeramente inferiores a la negra<\/li>\n<li>Di\u00e1metros: Estandar \/ Extra \/ Strong a demanda<\/li>\n<li>M\u00e1xima luminosidad y mayor difusion de la luz<\/li>\n<\/ul>\n<\/div>\n<\/div>\n<div><\/div>\n<div><\/div>\n<\/div>\n<\/div>\n<p>[\/vc_column_text][\/vc_column][\/vc_row][vc_row type=\u00bbfull_width_background\u00bb bg_image=\u00bb890&#8243; bg_position=\u00bbcenter top\u00bb parallax_bg=\u00bbtrue\u00bb borders=\u00bb1&#8243;][vc_column css=\u00bb.vc_custom_1513867069722{padding-bottom: 20px !important;}\u00bb][vc_column_text]<\/p>\n<h3>cod. RGG \u2013\u00a0GRANDILENE GRIS<br \/>\nMalla a giro ingl\u00e9s seg\u00fan normativa UNIPLAST<\/h3>\n<p>[\/vc_column_text][\/vc_column][vc_column width=\u00bb1\/2&#8243;][vc_column_text]<img loading=\"lazy\" decoding=\"async\" class=\"aligncenter wp-image-898 size-full\" src=\"https:\/\/agrinova-srl.net\/wp-content\/uploads\/2017\/12\/Grandilene-Gris.jpeg\" alt=\"\" width=\"590\" height=\"150\" srcset=\"https:\/\/agrinova-srl.net\/wp-content\/uploads\/2017\/12\/Grandilene-Gris.jpeg 590w, https:\/\/agrinova-srl.net\/wp-content\/uploads\/2017\/12\/Grandilene-Gris-300x76.jpeg 300w\" sizes=\"auto, (max-width: 590px) 100vw, 590px\" \/>[\/vc_column_text][\/vc_column][vc_column width=\u00bb1\/2&#8243;][vc_column_text]<\/p>\n<ul>\n<li>Color trama \/ urdimbre: Negro \/ Kristall<\/li>\n<li>Malla estandar \u201cF\u201d o Austria \u201cA\u201d<\/li>\n<li>Sombreo y corte de rayos U.V ligeramente diferenciados para permitir un pasaje superior de luz<\/li>\n<li>Di\u00e1metros: Estandar \/ Extra \/ Strong a demanda<\/li>\n<li>Compromiso entre resistencia y buena luminosidad<\/li>\n<\/ul>\n<p>[\/vc_column_text][\/vc_column][\/vc_row][vc_row borders=\u00bb1&#8243;][vc_column css=\u00bb.vc_custom_1513867069722{padding-bottom: 20px !important;}\u00bb][vc_column_text]<\/p>\n<h3>cod. RGX \u2013\u00a0GRANDILENE NEUTRA<br \/>\nMalla a giro ingl\u00e9s seg\u00fan normativa UNIPLAST<\/h3>\n<p>[\/vc_column_text][\/vc_column][vc_column width=\u00bb1\/2&#8243;][vc_column_text]<img loading=\"lazy\" decoding=\"async\" class=\"aligncenter wp-image-899 size-full\" src=\"https:\/\/agrinova-srl.net\/wp-content\/uploads\/2017\/12\/Grandilene-Neutra.jpeg\" alt=\"\" width=\"590\" height=\"150\" srcset=\"https:\/\/agrinova-srl.net\/wp-content\/uploads\/2017\/12\/Grandilene-Neutra.jpeg 590w, https:\/\/agrinova-srl.net\/wp-content\/uploads\/2017\/12\/Grandilene-Neutra-300x76.jpeg 300w\" sizes=\"auto, (max-width: 590px) 100vw, 590px\" \/>[\/vc_column_text][\/vc_column][vc_column width=\u00bb1\/2&#8243;][vc_column_text]<\/p>\n<ul>\n<li>Color trama \/ urdimbre: Neutro \/ Neutro<\/li>\n<li>Malla estandar \u201cF\u201d o Austria \u201cA\u201d<\/li>\n<li>Sombreo m\u00ednimo y corte U.V reducido<\/li>\n<li>Di\u00e1metros: Estandar \/ Extra \/ Strong a demanda<\/li>\n<li>M\u00e1xima luminosidad para climas a baja radiaci\u00f3n solar<\/li>\n<\/ul>\n<p>[\/vc_column_text][\/vc_column][\/vc_row][vc_row type=\u00bbfull_width_background\u00bb bg_image=\u00bb890&#8243; bg_position=\u00bbcenter top\u00bb parallax_bg=\u00bbtrue\u00bb borders=\u00bb1&#8243;][vc_column css=\u00bb.vc_custom_1513867069722{padding-bottom: 20px !important;}\u00bb][vc_column_text]<\/p>\n<h3>cod. RGC \u2013\u00a0GRANDILENE GRIS CHIARO<br \/>\nMalla a giro ingl\u00e9s seg\u00fan normativa UNIPLAST<\/h3>\n<p>[\/vc_column_text][\/vc_column][vc_column width=\u00bb1\/2&#8243;][vc_column_text]<img loading=\"lazy\" decoding=\"async\" class=\"aligncenter wp-image-900 size-full\" src=\"https:\/\/agrinova-srl.net\/wp-content\/uploads\/2017\/12\/Grandilene-Gris-Chiaro.jpeg\" alt=\"\" width=\"590\" height=\"150\" srcset=\"https:\/\/agrinova-srl.net\/wp-content\/uploads\/2017\/12\/Grandilene-Gris-Chiaro.jpeg 590w, https:\/\/agrinova-srl.net\/wp-content\/uploads\/2017\/12\/Grandilene-Gris-Chiaro-300x76.jpeg 300w\" sizes=\"auto, (max-width: 590px) 100vw, 590px\" \/>[\/vc_column_text][\/vc_column][vc_column width=\u00bb1\/2&#8243;][vc_column_text]<\/p>\n<ul>\n<li>Color trama \/ urdimbre: Negro-Kristall 1-1 \/ Kristall<\/li>\n<li>Malla estandar \u201cF\u201d o Austria \u201cA<\/li>\n<li>Sombreo reducido y corte de rayo U.V m\u00e1ximizado<\/li>\n<li>Di\u00e1metros: Estandar \/ Extra \/ Strong a demanda<\/li>\n<li>Compromiso entre resistencia y con luminosidad superior a las mallas grises<\/li>\n<\/ul>\n<p>[\/vc_column_text][\/vc_column][\/vc_row][vc_row borders=\u00bb1&#8243;][vc_column css=\u00bb.vc_custom_1513867069722{padding-bottom: 20px !important;}\u00bb][vc_column_text]<\/p>\n<h3>cod. RGT \u2013\u00a0GRANDILENE TRAZADO<br \/>\nMalla a giro ingl\u00e9s seg\u00fan normativa UNIPLAST<\/h3>\n<p>[\/vc_column_text][\/vc_column][vc_column width=\u00bb1\/2&#8243;][vc_column_text]<img loading=\"lazy\" decoding=\"async\" class=\"size-full wp-image-901 aligncenter\" src=\"https:\/\/agrinova-srl.net\/wp-content\/uploads\/2017\/12\/Grandile-Tracciato.jpeg\" alt=\"\" width=\"590\" height=\"150\" srcset=\"https:\/\/agrinova-srl.net\/wp-content\/uploads\/2017\/12\/Grandile-Tracciato.jpeg 590w, https:\/\/agrinova-srl.net\/wp-content\/uploads\/2017\/12\/Grandile-Tracciato-300x76.jpeg 300w\" sizes=\"auto, (max-width: 590px) 100vw, 590px\" \/>[\/vc_column_text][\/vc_column][vc_column width=\u00bb1\/2&#8243;][vc_column_text]<\/p>\n<ul>\n<li>Color trama \/ urdimbre: seg\u00fan tipo de malla base<\/li>\n<li>Malla estandar \u201cF\u201d o Austria \u201cA\u201d<\/li>\n<li>Sombreo y corte rayo U.V segun malla base<\/li>\n<li>Di\u00e1metros: Estandar \/ Extra \/ Strong a demanda<\/li>\n<li>Un \u00fatil hilo de color diferente a distancias predeterminadas para ayudar a instalar a distancias regulares los accesorios<\/li>\n<\/ul>\n<p>[\/vc_column_text][\/vc_column][\/vc_row][vc_row type=\u00bbfull_width_background\u00bb bg_image=\u00bb890&#8243; bg_position=\u00bbcenter top\u00bb parallax_bg=\u00bbtrue\u00bb borders=\u00bb1&#8243;][vc_column css=\u00bb.vc_custom_1513867069722{padding-bottom: 20px !important;}\u00bb][vc_column_text]<\/p>\n<h3>cod. RGZ \u2013\u00a0GRANDILENE ZEBRA<br \/>\nMalla a giro ingl\u00e9s seg\u00fan normativa UNIPLAST<\/h3>\n<p>[\/vc_column_text][\/vc_column][vc_column width=\u00bb1\/2&#8243;][vc_column_text]<img loading=\"lazy\" decoding=\"async\" class=\"size-full wp-image-903 aligncenter\" src=\"https:\/\/agrinova-srl.net\/wp-content\/uploads\/2017\/12\/Grandilene-Zebra.jpeg\" alt=\"\" width=\"590\" height=\"150\" srcset=\"https:\/\/agrinova-srl.net\/wp-content\/uploads\/2017\/12\/Grandilene-Zebra.jpeg 590w, https:\/\/agrinova-srl.net\/wp-content\/uploads\/2017\/12\/Grandilene-Zebra-300x76.jpeg 300w\" sizes=\"auto, (max-width: 590px) 100vw, 590px\" \/>[\/vc_column_text][\/vc_column][vc_column width=\u00bb1\/2&#8243;][vc_column_text]<\/p>\n<ul>\n<li>Color trama \/ urdimbre: segun tipo de malla base a exclusi\u00f3n de la negra y de las grises<\/li>\n<li>Malla estandar \u201cF\u201d o Austria \u201cA\u201d<\/li>\n<li>Sombreo u corte rayo U.V seg\u00fan malla base<\/li>\n<li>Di\u00e1metros: Estandar \/ Extra \/ Strong a demanda<\/li>\n<li>Una banda a distancia predeterminada para robustecer los puntos de contacto de las mallas con los accesorios y prolongar en el tiempo la vida de las mallas claras<\/li>\n<\/ul>\n<p>[\/vc_column_text][\/vc_column][\/vc_row][vc_row][vc_column css=\u00bb.vc_custom_1513867069722{padding-bottom: 20px !important;}\u00bb][vc_column_text]<\/p>\n<h3>GRANDILENE SPECIAL<br \/>\nMalla a giro ingl\u00e9s seg\u00fan normativa UNIPLAST<\/h3>\n<p>[\/vc_column_text][\/vc_column][vc_column width=\u00bb1\/2&#8243;][vc_column_text]<img loading=\"lazy\" decoding=\"async\" class=\"size-full wp-image-904 aligncenter\" src=\"https:\/\/agrinova-srl.net\/wp-content\/uploads\/2017\/12\/Grandilene-Special.jpeg\" alt=\"\" width=\"590\" height=\"150\" srcset=\"https:\/\/agrinova-srl.net\/wp-content\/uploads\/2017\/12\/Grandilene-Special.jpeg 590w, https:\/\/agrinova-srl.net\/wp-content\/uploads\/2017\/12\/Grandilene-Special-300x76.jpeg 300w\" sizes=\"auto, (max-width: 590px) 100vw, 590px\" \/>[\/vc_column_text][\/vc_column][vc_column width=\u00bb1\/2&#8243;][vc_column_text]<\/p>\n<ul>\n<li>Color trama \/ urdimbre: seg\u00fan tipo de malla base<\/li>\n<li>Malla estandar \u201cF\u201d o Austria \u201cA\u201d<\/li>\n<li>Sombreo y corte rayo U.V seg\u00fan malla base<\/li>\n<li>Di\u00e1metros: Estandar \/ Extra \/ Strong a demanda<\/li>\n<li>Combinaciones particulares de colores y orientamientos para obtener refracciones y difusiones deseadas de luz, para sombreamientos alternativos entre las diferentes exposiciones durante el d\u00eda y el movimiento solar<\/li>\n<li>Cuantitativo m\u00ednimo: una produccion estandar de 15.000 metros lineales.<\/li>\n<\/ul>\n<p>[\/vc_column_text][\/vc_column][\/vc_row]<\/p>\n<p>[vc_row type=\u00bbfull_width_background\u00bb bg_color=\u00bb#f6f6f6&#8243; borders=\u00bb1&#8243;][vc_column width=\u00bb5\/12&#8243;][vc_column_text]<strong>AGRINOVA II srl<\/strong><\/p>\n<p>Via Leonardo da Vinci, 24<br \/>\n20060 Cassina De&#8217; Pecchi (MI) Italy<\/p>\n<p><strong>Tel.<\/strong> +39 02 95299265<br \/>\n<strong>Fax<\/strong> +39\u00a002 9520451<br \/>\n<a href=\"mailto:info@agrinova-srl.net\"><strong>info@agrinova-srl.net<\/strong><\/a><\/p>\n<p><strong><img loading=\"lazy\" decoding=\"async\" src=\"https:\/\/agrinova-srl.net\/wp-content\/uploads\/2018\/03\/02ff5b55252ac00403253293049ff609-skype-icon-logo-by-vexels.png\" alt=\"\" width=\"19\" height=\"18\" \/>\u00a0 agrinova3\u00a0<\/strong><\/p>\n<p><strong><a href=\"https:\/\/www.facebook.com\/pages\/Agrinova\/288582891252565\" target=\"_blank\" rel=\"noopener\"><img loading=\"lazy\" decoding=\"async\" class=\"null\" src=\"https:\/\/agrinova-srl.net\/wp-content\/uploads\/2018\/03\/facebook.png\" alt=\"Find_us_on_Facebook\" width=\"100\" height=\"26\" \/><\/a><\/strong><\/p>\n<p>P.Iva e C.F. 07001180962<br \/>\nCapital social \u20ac 50.000,00 i.v.<br \/>\nREA AA N.\u00a0 1928536[\/vc_column_text][\/vc_column][vc_column width=\u00bb1\/12&#8243;][\/vc_column][vc_column width=\u00bb1\/2&#8243; css=\u00bb.vc_custom_1513867069722{padding-bottom: 20px !important;}\u00bb][block_title title=\u00bb\u00bfNecesita m\u00e1s informaci\u00f3n?\u00bb]<\/p>\n<p style=\"text-align: center;\">Entonces cont\u00e1ctenos AHORA!<\/p>\n<p>[\/block_title]<div role=\"form\" class=\"wpcf7\" id=\"wpcf7-f1301-o1\" lang=\"it-IT\" dir=\"ltr\">\n<div class=\"screen-reader-response\" aria-live=\"polite\"><\/div>\n<form action=\"\/es\/wp-json\/wp\/v2\/pages\/1260#wpcf7-f1301-o1\" method=\"post\" class=\"wpcf7-form\" novalidate=\"novalidate\">\n<div style=\"display: none;\">\n<input type=\"hidden\" name=\"_wpcf7\" value=\"1301\" \/>\n<input type=\"hidden\" name=\"_wpcf7_version\" value=\"5.1.9\" \/>\n<input type=\"hidden\" name=\"_wpcf7_locale\" value=\"it_IT\" \/>\n<input type=\"hidden\" name=\"_wpcf7_unit_tag\" value=\"wpcf7-f1301-o1\" \/>\n<input type=\"hidden\" name=\"_wpcf7_container_post\" value=\"0\" \/>\n<\/div>\n<p><label> Su nombre (obligatorio)<br \/>\n    <span class=\"wpcf7-form-control-wrap your-name\"><input type=\"text\" name=\"your-name\" value=\"\" size=\"40\" class=\"wpcf7-form-control wpcf7-text wpcf7-validates-as-required\" aria-required=\"true\" aria-invalid=\"false\" \/><\/span> <\/label><\/p>\n<p><label> Su email (obligatorio)<br \/>\n    <span class=\"wpcf7-form-control-wrap your-email\"><input type=\"email\" name=\"your-email\" value=\"\" size=\"40\" class=\"wpcf7-form-control wpcf7-text wpcf7-email wpcf7-validates-as-required wpcf7-validates-as-email\" aria-required=\"true\" aria-invalid=\"false\" \/><\/span> <\/label><\/p>\n<p><label> Objeto<br \/>\n    <span class=\"wpcf7-form-control-wrap your-subject\"><input type=\"text\" name=\"your-subject\" value=\"\" size=\"40\" class=\"wpcf7-form-control wpcf7-text\" aria-invalid=\"false\" \/><\/span> <\/label><\/p>\n<p><label> Su mensaje<br \/>\n    <span class=\"wpcf7-form-control-wrap your-message\"><textarea name=\"your-message\" cols=\"40\" rows=\"10\" class=\"wpcf7-form-control wpcf7-textarea\" aria-invalid=\"false\"><\/textarea><\/span> <\/label><\/p>\n<p><!-- DA QUI --><\/p>\n<div style=\"text-align: left; clear: both\" class=\"accettazione\">\n<style>\n.accettazione .wpcf7-list-item{\nmargin-left: 0 !important\n}\n<\/style>\n<p><span class=\"wpcf7-form-control-wrap acceptance-privacy\"><span class=\"wpcf7-form-control wpcf7-acceptance\"><span class=\"wpcf7-list-item\"><label><input type=\"checkbox\" name=\"acceptance-privacy\" value=\"1\" aria-invalid=\"false\" \/><span class=\"wpcf7-list-item-label\">Declaro que he le\u00eddo la <a href=\"https:\/\/agrinova-srl.net\/privacy-policy\/\" target=\"_blank\">informativa<\/a> y acepto su contenido y la forma en que se tratar\u00e1n mis datos personales.<\/span><\/label><\/span><\/span><\/span><\/p>\n<p><span class=\"wpcf7-form-control-wrap checkbox-markt\"><span class=\"wpcf7-form-control wpcf7-checkbox\"><span class=\"wpcf7-list-item first last\"><label><input type=\"checkbox\" name=\"checkbox-markt[]\" value=\"Declaro que he le\u00eddo la informaci\u00f3n y doy mi consentimiento al tratamiento de mis datos personales con fines de marketing.\" \/><span class=\"wpcf7-list-item-label\">Declaro que he le\u00eddo la informaci\u00f3n y doy mi consentimiento al tratamiento de mis datos personales con fines de marketing.<\/span><\/label><\/span><\/span><\/span><\/p>\n<\/div>\n<p><!-- A QUI--><\/p>\n<p><input type=\"submit\" value=\"Enviar\" class=\"wpcf7-form-control wpcf7-submit\" \/><\/p>\n<div class=\"wpcf7-response-output wpcf7-display-none\" aria-hidden=\"true\"><\/div><\/form><\/div>[\/vc_column][\/vc_row]<\/p>\n","protected":false},"excerpt":{"rendered":"<p>[vc_row type=\u00bbfull_width_background\u00bb bg_image=\u00bb813&#8243; bg_position=\u00bbcenter top\u00bb bg_repeat=\u00bbrepeat\u00bb parallax_bg=\u00bbtrue\u00bb top_padding=\u00bb0&#8243; bottom_padding=\u00bb0&#8243;][vc_column][vc_empty_space height=\u00bb400px\u00bb][\/vc_column][\/vc_row][vc_row borders=\u00bb1&#8243;][vc_column][block_title style=\u00bbcolumn_title\u00bb inner_style=\u00bbinline_border\u00bb title=\u00bbMALLAS ANTIGRANIZO\u00bb][\/block_title][vc_column_text]El granizo puede durar pocos minutos y destruir cosechas enteras, arruinar las plantas, debilitarlas y hacerlas presa de infecciones virales: en unos momentos echar a perder el trabajo de a\u00f1os. La instalaci\u00f3n del sistema antigranizo es la solucci\u00f3n ecol\u00f3gicamente m\u00e1s compatible, [&hellip;]<\/p>\n","protected":false},"author":1,"featured_media":0,"parent":0,"menu_order":0,"comment_status":"closed","ping_status":"closed","template":"","meta":{"spay_email":"","footnotes":""},"class_list":["post-1260","page","type-page","status-publish","hentry"],"yoast_head":"<!-- This site is optimized with the Yoast SEO plugin v14.3 - https:\/\/yoast.com\/wordpress\/plugins\/seo\/ -->\n<title>Mallas Antigranizo | AGRINOVA II<\/title>\n<meta name=\"robots\" content=\"index, follow\" \/>\n<meta name=\"googlebot\" content=\"index, follow, max-snippet:-1, max-image-preview:large, max-video-preview:-1\" \/>\n<meta name=\"bingbot\" content=\"index, follow, max-snippet:-1, max-image-preview:large, max-video-preview:-1\" \/>\n<link rel=\"canonical\" href=\"https:\/\/agrinova-srl.net\/es\/mallas-antigranizo\/\" \/>\n<meta property=\"og:locale\" content=\"es_ES\" \/>\n<meta property=\"og:type\" content=\"article\" \/>\n<meta property=\"og:title\" content=\"Mallas Antigranizo | AGRINOVA II\" \/>\n<meta property=\"og:description\" content=\"[vc_row type=\u00bbfull_width_background\u00bb bg_image=\u00bb813&#8243; bg_position=\u00bbcenter top\u00bb bg_repeat=\u00bbrepeat\u00bb parallax_bg=\u00bbtrue\u00bb top_padding=\u00bb0&#8243; bottom_padding=\u00bb0&#8243;][vc_column][vc_empty_space height=\u00bb400px\u00bb][\/vc_column][\/vc_row][vc_row borders=\u00bb1&#8243;][vc_column][block_title style=\u00bbcolumn_title\u00bb inner_style=\u00bbinline_border\u00bb title=\u00bbMALLAS ANTIGRANIZO\u00bb][\/block_title][vc_column_text]El granizo puede durar pocos minutos y destruir cosechas enteras, arruinar las plantas, debilitarlas y hacerlas presa de infecciones virales: en unos momentos echar a perder el trabajo de a\u00f1os. La instalaci\u00f3n del sistema antigranizo es la solucci\u00f3n ecol\u00f3gicamente m\u00e1s compatible, [&hellip;]\" \/>\n<meta property=\"og:url\" content=\"https:\/\/agrinova-srl.net\/es\/mallas-antigranizo\/\" \/>\n<meta property=\"og:site_name\" content=\"AGRINOVA II\" \/>\n<meta property=\"article:modified_time\" content=\"2018-03-05T11:27:08+00:00\" \/>\n<meta property=\"og:image\" content=\"https:\/\/agrinova-srl.net\/wp-content\/uploads\/2017\/12\/phpThumb_generated_thumbnail-4-2.jpeg\" \/>\n<meta name=\"twitter:card\" content=\"summary_large_image\" \/>\n<script type=\"application\/ld+json\" class=\"yoast-schema-graph\">{\"@context\":\"https:\/\/schema.org\",\"@graph\":[{\"@type\":\"Organization\",\"@id\":\"https:\/\/agrinova-srl.net\/es\/#organization\",\"name\":\"AGRINOVA II\",\"url\":\"https:\/\/agrinova-srl.net\/es\/\",\"sameAs\":[],\"logo\":{\"@type\":\"ImageObject\",\"@id\":\"https:\/\/agrinova-srl.net\/es\/#logo\",\"inLanguage\":\"es\",\"url\":\"https:\/\/agrinova-srl.net\/wp-content\/uploads\/2018\/01\/specular_logo_medicine2-1.png\",\"width\":296,\"height\":54,\"caption\":\"AGRINOVA II\"},\"image\":{\"@id\":\"https:\/\/agrinova-srl.net\/es\/#logo\"}},{\"@type\":\"WebSite\",\"@id\":\"https:\/\/agrinova-srl.net\/es\/#website\",\"url\":\"https:\/\/agrinova-srl.net\/es\/\",\"name\":\"AGRINOVA II\",\"description\":\"Garantiamo i vostri raccolti dal 1958\",\"publisher\":{\"@id\":\"https:\/\/agrinova-srl.net\/es\/#organization\"},\"potentialAction\":[{\"@type\":\"SearchAction\",\"target\":\"https:\/\/agrinova-srl.net\/es\/?s={search_term_string}\",\"query-input\":\"required name=search_term_string\"}],\"inLanguage\":\"es\"},{\"@type\":\"ImageObject\",\"@id\":\"https:\/\/agrinova-srl.net\/es\/mallas-antigranizo\/#primaryimage\",\"inLanguage\":\"es\",\"url\":\"https:\/\/agrinova-srl.net\/wp-content\/uploads\/2017\/12\/phpThumb_generated_thumbnail-4-2.jpeg\",\"width\":590,\"height\":150,\"caption\":\"Rete a giro inglese secondo normativa UNIPLAST\"},{\"@type\":\"WebPage\",\"@id\":\"https:\/\/agrinova-srl.net\/es\/mallas-antigranizo\/#webpage\",\"url\":\"https:\/\/agrinova-srl.net\/es\/mallas-antigranizo\/\",\"name\":\"Mallas Antigranizo | AGRINOVA II\",\"isPartOf\":{\"@id\":\"https:\/\/agrinova-srl.net\/es\/#website\"},\"primaryImageOfPage\":{\"@id\":\"https:\/\/agrinova-srl.net\/es\/mallas-antigranizo\/#primaryimage\"},\"datePublished\":\"2018-02-02T16:10:58+00:00\",\"dateModified\":\"2018-03-05T11:27:08+00:00\",\"inLanguage\":\"es\",\"potentialAction\":[{\"@type\":\"ReadAction\",\"target\":[\"https:\/\/agrinova-srl.net\/es\/mallas-antigranizo\/\"]}]}]}<\/script>\n<!-- \/ Yoast SEO plugin. -->","jetpack_sharing_enabled":true,"jetpack_shortlink":"https:\/\/wp.me\/PaeNuC-kk","_links":{"self":[{"href":"https:\/\/agrinova-srl.net\/es\/wp-json\/wp\/v2\/pages\/1260\/"}],"collection":[{"href":"https:\/\/agrinova-srl.net\/es\/wp-json\/wp\/v2\/pages\/"}],"about":[{"href":"https:\/\/agrinova-srl.net\/es\/wp-json\/wp\/v2\/types\/page\/"}],"author":[{"embeddable":true,"href":"https:\/\/agrinova-srl.net\/es\/wp-json\/wp\/v2\/users\/1\/"}],"replies":[{"embeddable":true,"href":"https:\/\/agrinova-srl.net\/es\/wp-json\/wp\/v2\/comments\/?post=1260"}],"version-history":[{"count":11,"href":"https:\/\/agrinova-srl.net\/es\/wp-json\/wp\/v2\/pages\/1260\/revisions\/"}],"predecessor-version":[{"id":1468,"href":"https:\/\/agrinova-srl.net\/es\/wp-json\/wp\/v2\/pages\/1260\/revisions\/1468\/"}],"wp:attachment":[{"href":"https:\/\/agrinova-srl.net\/es\/wp-json\/wp\/v2\/media\/?parent=1260"}],"curies":[{"name":"wp","href":"https:\/\/api.w.org\/{rel}","templated":true}]}}