{"id":1501,"date":"2018-03-05T14:40:32","date_gmt":"2018-03-05T13:40:32","guid":{"rendered":"https:\/\/agrinova-srl.net\/?page_id=1501"},"modified":"2018-03-06T09:35:27","modified_gmt":"2018-03-06T08:35:27","slug":"mallas","status":"publish","type":"page","link":"https:\/\/agrinova-srl.net\/es\/mallas\/","title":{"rendered":"Mallas"},"content":{"rendered":"<p>[vc_row borders=\u00bb1&#8243;][vc_column][block_title style=\u00bbcolumn_title\u00bb inner_style=\u00bbinline_border\u00bb title=\u00bbMALLAS ANTIGRANIZO\u00bb][\/block_title][\/vc_column][vc_column width=\u00bb1\/3&#8243; css=\u00bb.vc_custom_1520255936928{padding-top: 50px !important;}\u00bb][vc_gallery type=\u00bbimage_grid\u00bb images=\u00bb815&#8243; img_size=\u00bbfull\u00bb onclick=\u00bb\u00bb][\/vc_column][vc_column width=\u00bb2\/3&#8243; css=\u00bb.vc_custom_1520323845146{padding-top: 50px !important;}\u00bb][vc_column_text]El granizo puede durar pocos minutos y destruir cosechas enteras, arruinar las plantas, debilitarlas y hacerlas presa de infecciones virales: en unos momentos echar a perder el trabajo de a\u00f1os.\u00a0La instalaci\u00f3n del sistema antigranizo es la solucci\u00f3n ecol\u00f3gicamente m\u00e1s compatible, permite asegurar la programaci\u00f3n del proprio trabajo, sin sucumbir a la cat\u00e1strofe natural. La inversi\u00f3n se amortiza a largo plazo.\u00a0Las mallas tienen vida elevada incluso y expuestas a repetitivas granizadas u otras disfunciones ambientales.[\/vc_column_text][vc_btn title=\u00bbVISITA LA SECCI\u00d3N\u00bb style=\u00bbcustom\u00bb custom_background=\u00bb#1a9242&#8243; custom_text=\u00bb#ffffff\u00bb size=\u00bblg\u00bb link=\u00bburl:%2Fes%2Fmallas-antigranizo%2F|||\u00bb][\/vc_column][\/vc_row][vc_row borders=\u00bb1&#8243;][vc_column][block_title style=\u00bbcolumn_title\u00bb inner_style=\u00bbinline_border\u00bb title=\u00bbMALLAS ANTILLUVIA\u00bb][\/block_title][\/vc_column][vc_column width=\u00bb1\/3&#8243; css=\u00bb.vc_custom_1520255936928{padding-top: 50px !important;}\u00bb][vc_gallery type=\u00bbimage_grid\u00bb images=\u00bb909&#8243; img_size=\u00bbfull\u00bb onclick=\u00bb\u00bb][\/vc_column][vc_column width=\u00bb2\/3&#8243; css=\u00bb.vc_custom_1520323845146{padding-top: 50px !important;}\u00bb][vc_column_text]Algunos cultivos son por su naturaleza muy sensibles a los agentes atmosf\u00e9ricos como el viento o la lluvia.\u00a0En cultivos con valor agregado como cerezas, ciruelas y bayas en general , debemos garantizar la integridad del producto y la perfecta preservaci\u00f3n de sus caracter\u00edsticas organol\u00e9cticas.\u00a0Estas frutas ofrecen precios relativamente altos, pero en caso de que estos tengan el m\u00e1s m\u00ednimo defecto o incluso tengan crackling su precio cae dr\u00e1sticamente, rindiendo el precio de venta logrado inferior a los costos de producci\u00f3n.\u00a0Las telas antilluvia est\u00e1n dise\u00f1adas para proteger estos frutos delicados, garantizando las condiciones de crecimiento optimales.[\/vc_column_text][vc_btn title=\u00bbVISITA LA SECCI\u00d3N\u00bb style=\u00bbcustom\u00bb custom_background=\u00bb#1a9242&#8243; custom_text=\u00bb#ffffff\u00bb size=\u00bblg\u00bb link=\u00bburl:%2Fes%2Fmallas-antilluvia%2F|||\u00bb][\/vc_column][\/vc_row][vc_row borders=\u00bb1&#8243;][vc_column][block_title style=\u00bbcolumn_title\u00bb inner_style=\u00bbinline_border\u00bb title=\u00bbMALLAS DE SOMBRA \/ CORTAVIENTOS\u00bb][\/block_title][\/vc_column][vc_column width=\u00bb1\/3&#8243; css=\u00bb.vc_custom_1520255936928{padding-top: 50px !important;}\u00bb][vc_gallery type=\u00bbimage_grid\u00bb images=\u00bb921&#8243; img_size=\u00bbfull\u00bb onclick=\u00bb\u00bb][\/vc_column][vc_column width=\u00bb2\/3&#8243; css=\u00bb.vc_custom_1520323845146{padding-top: 50px !important;}\u00bb][vc_column_text]La excesiva exposici\u00f3n a los rayos del sol es un riesgo para la calidad de la cosecha.\u00a0Las variaciones clim\u00e1ticas y el constante aumentar de las temperaturas medias suman ulteriores incertezas.\u00a0La malla filtra la cantidad de luz optimal para la calidad de la cosecha. La acci\u00f3n contra el viento y el efecto invernadero protegen los cultivo de los estreses atmosf\u00e9ricos.\u00a0Adem\u00e1s atenua las fuertes excursiones t\u00e9rmicas protegiendo plantas y frutos de este tipo de shocks.\u00a0Mantiene la humedad relativa a niveles deseados. Las mallas son ligeras, manejables, de sencillo utilizo e instalaci\u00f3n. Su ciclo de vida util se extiende en una pluralidad de campa\u00f1as, tal de permitir f\u00e1cilmente la amortizaci\u00f3n de la inversi\u00f3n efectuada.[\/vc_column_text][vc_btn title=\u00bbVISITA LA SECCI\u00d3N\u00bb style=\u00bbcustom\u00bb custom_background=\u00bb#1a9242&#8243; custom_text=\u00bb#ffffff\u00bb size=\u00bblg\u00bb link=\u00bburl:%2Fes%2Fmallas-de-sombra-cortavientos%2F|||\u00bb][\/vc_column][\/vc_row][vc_row borders=\u00bb1&#8243;][vc_column][block_title style=\u00bbcolumn_title\u00bb inner_style=\u00bbinline_border\u00bb title=\u00bbMALLAS ESPECIALES\u00bb][\/block_title][\/vc_column][vc_column width=\u00bb1\/3&#8243; css=\u00bb.vc_custom_1520255936928{padding-top: 50px !important;}\u00bb][vc_gallery type=\u00bbimage_grid\u00bb images=\u00bb1090&#8243; img_size=\u00bbfull\u00bb onclick=\u00bb\u00bb][\/vc_column][vc_column width=\u00bb2\/3&#8243; css=\u00bb.vc_custom_1520323845146{padding-top: 50px !important;}\u00bb][vc_column_text]<\/p>\n<div id=\"testo_articolo\">\n<p>Estas redes protegen de diferentes tipos de insectos, previenen la propagaci\u00f3n de microorganismos v\u00edricos y otros pat\u00f3genos. Adem\u00e1s, garantizan el microclima interior ideal, con un \u00f3ptimo paso de aire y luz.\u00a0Son una barrera contra los \u00e1fidos, el viento, la arena, la sal; resisten a los agentes atmosf\u00e9ricos; son inseguros por los rayos ultravioletas gracias a los procesos especiales que sufren; son resistentes a las estr\u00edas.<\/p>\n<\/div>\n<p>[\/vc_column_text][vc_btn title=\u00bbVisita la secci\u00f3n\u00bb style=\u00bbcustom\u00bb custom_background=\u00bb#1a9242&#8243; custom_text=\u00bb#ffffff\u00bb size=\u00bblg\u00bb link=\u00bburl:%2Fes%2Fmallas-especiales%2F|||\u00bb][\/vc_column][\/vc_row]<\/p>\n","protected":false},"excerpt":{"rendered":"<p>[vc_row borders=\u00bb1&#8243;][vc_column][block_title style=\u00bbcolumn_title\u00bb inner_style=\u00bbinline_border\u00bb title=\u00bbMALLAS ANTIGRANIZO\u00bb][\/block_title][\/vc_column][vc_column width=\u00bb1\/3&#8243; css=\u00bb.vc_custom_1520255936928{padding-top: 50px !important;}\u00bb][vc_gallery type=\u00bbimage_grid\u00bb images=\u00bb815&#8243; img_size=\u00bbfull\u00bb onclick=\u00bb\u00bb][\/vc_column][vc_column width=\u00bb2\/3&#8243; css=\u00bb.vc_custom_1520323845146{padding-top: 50px !important;}\u00bb][vc_column_text]El granizo puede durar pocos minutos y destruir cosechas enteras, arruinar las plantas, debilitarlas y hacerlas presa de infecciones virales: en unos momentos echar a perder el trabajo de a\u00f1os.\u00a0La instalaci\u00f3n del sistema antigranizo es la solucci\u00f3n ecol\u00f3gicamente [&hellip;]<\/p>\n","protected":false},"author":1,"featured_media":1088,"parent":0,"menu_order":0,"comment_status":"closed","ping_status":"closed","template":"","meta":{"spay_email":"","footnotes":""},"class_list":["post-1501","page","type-page","status-publish","has-post-thumbnail","hentry"],"yoast_head":"<!-- This site is optimized with the Yoast SEO plugin v14.3 - https:\/\/yoast.com\/wordpress\/plugins\/seo\/ -->\n<title>Mallas | AGRINOVA II<\/title>\n<meta name=\"robots\" content=\"noindex, follow\" \/>\n<meta property=\"og:locale\" content=\"es_ES\" \/>\n<meta property=\"og:type\" content=\"article\" \/>\n<meta property=\"og:title\" content=\"Mallas | AGRINOVA II\" \/>\n<meta property=\"og:description\" content=\"[vc_row borders=\u00bb1&#8243;][vc_column][block_title style=\u00bbcolumn_title\u00bb inner_style=\u00bbinline_border\u00bb title=\u00bbMALLAS ANTIGRANIZO\u00bb][\/block_title][\/vc_column][vc_column width=\u00bb1\/3&#8243; css=\u00bb.vc_custom_1520255936928{padding-top: 50px !important;}\u00bb][vc_gallery type=\u00bbimage_grid\u00bb images=\u00bb815&#8243; img_size=\u00bbfull\u00bb onclick=\u00bb\u00bb][\/vc_column][vc_column width=\u00bb2\/3&#8243; css=\u00bb.vc_custom_1520323845146{padding-top: 50px !important;}\u00bb][vc_column_text]El granizo puede durar pocos minutos y destruir cosechas enteras, arruinar las plantas, debilitarlas y hacerlas presa de infecciones virales: en unos momentos echar a perder el trabajo de a\u00f1os.\u00a0La instalaci\u00f3n del sistema antigranizo es la solucci\u00f3n ecol\u00f3gicamente [&hellip;]\" \/>\n<meta property=\"og:url\" content=\"https:\/\/agrinova-srl.net\/es\/mallas\/\" \/>\n<meta property=\"og:site_name\" content=\"AGRINOVA II\" \/>\n<meta property=\"article:modified_time\" content=\"2018-03-06T08:35:27+00:00\" \/>\n<meta property=\"og:image\" content=\"https:\/\/agrinova-srl.net\/wp-content\/uploads\/2018\/02\/IMG_7601.jpg\" \/>\n\t<meta property=\"og:image:width\" content=\"1600\" \/>\n\t<meta property=\"og:image:height\" content=\"1200\" \/>\n<meta name=\"twitter:card\" content=\"summary_large_image\" \/>\n<script type=\"application\/ld+json\" class=\"yoast-schema-graph\">{\"@context\":\"https:\/\/schema.org\",\"@graph\":[{\"@type\":\"Organization\",\"@id\":\"https:\/\/agrinova-srl.net\/es\/#organization\",\"name\":\"AGRINOVA II\",\"url\":\"https:\/\/agrinova-srl.net\/es\/\",\"sameAs\":[],\"logo\":{\"@type\":\"ImageObject\",\"@id\":\"https:\/\/agrinova-srl.net\/es\/#logo\",\"inLanguage\":\"es\",\"url\":\"https:\/\/agrinova-srl.net\/wp-content\/uploads\/2018\/01\/specular_logo_medicine2-1.png\",\"width\":296,\"height\":54,\"caption\":\"AGRINOVA II\"},\"image\":{\"@id\":\"https:\/\/agrinova-srl.net\/es\/#logo\"}},{\"@type\":\"WebSite\",\"@id\":\"https:\/\/agrinova-srl.net\/es\/#website\",\"url\":\"https:\/\/agrinova-srl.net\/es\/\",\"name\":\"AGRINOVA II\",\"description\":\"Garantiamo i vostri raccolti dal 1958\",\"publisher\":{\"@id\":\"https:\/\/agrinova-srl.net\/es\/#organization\"},\"potentialAction\":[{\"@type\":\"SearchAction\",\"target\":\"https:\/\/agrinova-srl.net\/es\/?s={search_term_string}\",\"query-input\":\"required name=search_term_string\"}],\"inLanguage\":\"es\"},{\"@type\":\"ImageObject\",\"@id\":\"https:\/\/agrinova-srl.net\/es\/mallas\/#primaryimage\",\"inLanguage\":\"es\",\"url\":\"https:\/\/agrinova-srl.net\/wp-content\/uploads\/2018\/02\/IMG_7601.jpg\",\"width\":1600,\"height\":1200},{\"@type\":\"WebPage\",\"@id\":\"https:\/\/agrinova-srl.net\/es\/mallas\/#webpage\",\"url\":\"https:\/\/agrinova-srl.net\/es\/mallas\/\",\"name\":\"Mallas | AGRINOVA II\",\"isPartOf\":{\"@id\":\"https:\/\/agrinova-srl.net\/es\/#website\"},\"primaryImageOfPage\":{\"@id\":\"https:\/\/agrinova-srl.net\/es\/mallas\/#primaryimage\"},\"datePublished\":\"2018-03-05T13:40:32+00:00\",\"dateModified\":\"2018-03-06T08:35:27+00:00\",\"inLanguage\":\"es\",\"potentialAction\":[{\"@type\":\"ReadAction\",\"target\":[\"https:\/\/agrinova-srl.net\/es\/mallas\/\"]}]}]}<\/script>\n<!-- \/ Yoast SEO plugin. -->","jetpack_sharing_enabled":true,"jetpack_shortlink":"https:\/\/wp.me\/PaeNuC-od","_links":{"self":[{"href":"https:\/\/agrinova-srl.net\/es\/wp-json\/wp\/v2\/pages\/1501\/"}],"collection":[{"href":"https:\/\/agrinova-srl.net\/es\/wp-json\/wp\/v2\/pages\/"}],"about":[{"href":"https:\/\/agrinova-srl.net\/es\/wp-json\/wp\/v2\/types\/page\/"}],"author":[{"embeddable":true,"href":"https:\/\/agrinova-srl.net\/es\/wp-json\/wp\/v2\/users\/1\/"}],"replies":[{"embeddable":true,"href":"https:\/\/agrinova-srl.net\/es\/wp-json\/wp\/v2\/comments\/?post=1501"}],"version-history":[{"count":8,"href":"https:\/\/agrinova-srl.net\/es\/wp-json\/wp\/v2\/pages\/1501\/revisions\/"}],"predecessor-version":[{"id":1526,"href":"https:\/\/agrinova-srl.net\/es\/wp-json\/wp\/v2\/pages\/1501\/revisions\/1526\/"}],"wp:featuredmedia":[{"embeddable":true,"href":"https:\/\/agrinova-srl.net\/es\/wp-json\/wp\/v2\/media\/1088\/"}],"wp:attachment":[{"href":"https:\/\/agrinova-srl.net\/es\/wp-json\/wp\/v2\/media\/?parent=1501"}],"curies":[{"name":"wp","href":"https:\/\/api.w.org\/{rel}","templated":true}]}}